{"id":108,"date":"2018-10-16T20:04:56","date_gmt":"2018-10-16T20:04:56","guid":{"rendered":"http:\/\/www.niffeler.ch\/innendekorationen\/?page_id=108"},"modified":"2026-02-02T07:48:47","modified_gmt":"2026-02-02T07:48:47","slug":"vorhaenge","status":"publish","type":"page","link":"https:\/\/www.niffeler.ch\/innendekorationen\/produkte\/vorhaenge\/","title":{"rendered":"Vorh\u00e4nge"},"content":{"rendered":"<div class=\"sidepicture\">\n<h3>Vorh\u00e4nge verarbeiten wir ab 2026 nicht mehr.<\/h3>\n<h3><strong>Sch\u00f6ne Aussichten<\/strong><\/h3>\n<\/div>\n<p>Aussergew\u00f6hnlich, klassisch, jung, frech oder extravagant. Setzen Sie Ihre Fenster in neues Licht!<a href=\"http:\/\/www.niffeler.ch\/home\/images\/vorhang.jpg\" target=\"_blank\" rel=\"noopener noreferrer\"><img decoding=\"async\" loading=\"lazy\" class=\"alignright\" src=\"http:\/\/www.niffeler.ch\/home\/images\/vorhang_160.jpg\" alt=\"\" width=\"160\" height=\"120\" border=\"0\" \/><\/a><br \/>Eine unendliche Auswahl an Vorhang-und Decostoffen geben Ihnen viel Spielraum f\u00fcr die Gestaltung Ihrer Fenster.<br \/>Der Fantasie sind keine Grenzen gesetzt.<br \/>Vorhangsysteme, konfektioniert oder nach Mass, ein vielf\u00e4ltiges Sortiment an eleganten und farblich passenden Stoffen stehen in unserem Fachgesch\u00e4ft zur Auswahl bereit.<br \/>Wir beraten Sie gerne bei der Auswahl von Vorhangsystemen mit farblich passenden Stoffen f\u00fcr Ihr Heim.<br \/>Unsere Lieferanten: <a title=\"\" href=\"http:\/\/www.ado-goldkante.de\" target=\"_blank\" rel=\"noopener noreferrer\">www.ado-goldkante.de<\/a> <a title=\"\" href=\"http:\/\/www.ado-goldkante.de\" target=\"_blank\" rel=\"noopener noreferrer\">\/<\/a> <a title=\"\" href=\"http:\/\/www.stardecor.ch\" target=\"_blank\" rel=\"noopener noreferrer\">www.stardecor.ch<\/a><\/p>\n<p><b>Wir sind auch die Spezialisten f\u00fcr Insektenschutz <\/b><a title=\"\" href=\"http:\/\/www.rollfix.com\" target=\"_blank\" rel=\"noopener noreferrer\">www.rollfix.com<\/a><br \/>Wir f\u00fchren auch Zubeh\u00f6r f\u00fcr <b>Dusche<\/b> und <b>Bad<\/b> <a title=\"\" href=\"https:\/\/www.spirella.ch\/de\" target=\"_blank\" rel=\"noopener noreferrer\">www.spirella.ch<\/a> \/ <a title=\"\" href=\"http:\/\/www.kleine-wolke.de\" target=\"_blank\" rel=\"noopener noreferrer\">www.kleine-wolke.de<\/a><\/p>\n<table class=\"cells\" width=\"100%\" cellspacing=\"1\" cellpadding=\"2\">\n<tbody>\n<tr>\n<td class=\"headercell\" align=\"left\" valign=\"top\" width=\"50%\">Auswahl<\/td>\n<td class=\"headercell\" align=\"left\" valign=\"top\" width=\"50%\">Beispiel<\/td>\n<\/tr>\n<tr>\n<td class=\"cell\" align=\"left\" valign=\"top\" width=\"50%\"><a href=\"http:\/\/www.niffeler.ch\/home\/images\/vorhang1.jpg\" target=\"_blank\" rel=\"noopener noreferrer\"><img decoding=\"async\" loading=\"lazy\" src=\"http:\/\/www.niffeler.ch\/home\/images\/vorhang1table50.jpg\" alt=\"\" width=\"246\" height=\"246\" border=\"0\" \/><\/a><\/td>\n<td class=\"cell\" align=\"left\" valign=\"top\" width=\"50%\"><a href=\"http:\/\/www.niffeler.ch\/home\/images\/teba4.jpg\" target=\"_blank\" rel=\"noopener noreferrer\"><img decoding=\"async\" loading=\"lazy\" class=\"\" src=\"http:\/\/www.niffeler.ch\/home\/images\/teba4table50.jpg\" alt=\"\" width=\"240\" height=\"240\" border=\"0\" \/><\/a><\/td>\n<\/tr>\n<tr>\n<td class=\"cell\" align=\"left\" valign=\"top\" width=\"50%\"><a href=\"http:\/\/www.niffeler.ch\/home\/images\/lamellenvorhaenge-002.jpg\" target=\"_blank\" rel=\"noopener noreferrer\"><img decoding=\"async\" loading=\"lazy\" src=\"http:\/\/www.niffeler.ch\/home\/images\/lamellenvorhaenge-002table50.jpg\" alt=\"\" width=\"246\" height=\"184\" border=\"0\" \/><\/a><\/td>\n<td class=\"cell\" align=\"left\" valign=\"top\" width=\"50%\"><a href=\"http:\/\/www.niffeler.ch\/home\/images\/polster-moos-020.jpg\" target=\"_blank\" rel=\"noopener noreferrer\"><img decoding=\"async\" loading=\"lazy\" src=\"http:\/\/www.niffeler.ch\/home\/images\/polster-moos-020table50.jpg\" alt=\"\" width=\"246\" height=\"184\" border=\"0\" \/><\/a><\/td>\n<\/tr>\n<tr>\n<td class=\"cell\" align=\"left\" valign=\"top\" width=\"50%\">\u00a0<\/td>\n<td class=\"cell\" align=\"left\" valign=\"top\" width=\"50%\">\u00a0<\/td>\n<\/tr>\n<\/tbody>\n<\/table>\n\n\n<figure class=\"wp-block-image\"><img decoding=\"async\" loading=\"lazy\" width=\"2448\" height=\"3264\" src=\"http:\/\/www.niffeler.ch\/innendekorationen\/wp-content\/uploads\/2019\/07\/IMG_7404-1.jpg\" alt=\"\" class=\"wp-image-548\" srcset=\"https:\/\/www.niffeler.ch\/innendekorationen\/wp-content\/uploads\/2019\/07\/IMG_7404-1.jpg 2448w, https:\/\/www.niffeler.ch\/innendekorationen\/wp-content\/uploads\/2019\/07\/IMG_7404-1-768x1024.jpg 768w\" sizes=\"(max-width: 2448px) 100vw, 2448px\" \/><\/figure>\n","protected":false},"excerpt":{"rendered":"<p>Vorh\u00e4nge verarbeiten wir ab 2026 nicht mehr. Sch\u00f6ne Aussichten Aussergew\u00f6hnlich, klassisch, jung, frech oder extravagant. Setzen Sie Ihre Fenster in neues Licht!Eine unendliche Auswahl an Vorhang-und Decostoffen geben Ihnen viel Spielraum f\u00fcr die Gestaltung Ihrer Fenster.Der Fantasie sind keine Grenzen gesetzt.Vorhangsysteme, konfektioniert oder nach Mass, ein vielf\u00e4ltiges Sortiment an eleganten und farblich passenden Stoffen stehen &#8230; <a title=\"Vorh\u00e4nge\" class=\"read-more\" href=\"https:\/\/www.niffeler.ch\/innendekorationen\/produkte\/vorhaenge\/\" aria-label=\"More on Vorh\u00e4nge\">mehr lesen<\/a><\/p>\n","protected":false},"author":2,"featured_media":0,"parent":18,"menu_order":0,"comment_status":"closed","ping_status":"closed","template":"","meta":{"footnotes":""},"_links":{"self":[{"href":"https:\/\/www.niffeler.ch\/innendekorationen\/wp-json\/wp\/v2\/pages\/108"}],"collection":[{"href":"https:\/\/www.niffeler.ch\/innendekorationen\/wp-json\/wp\/v2\/pages"}],"about":[{"href":"https:\/\/www.niffeler.ch\/innendekorationen\/wp-json\/wp\/v2\/types\/page"}],"author":[{"embeddable":true,"href":"https:\/\/www.niffeler.ch\/innendekorationen\/wp-json\/wp\/v2\/users\/2"}],"replies":[{"embeddable":true,"href":"https:\/\/www.niffeler.ch\/innendekorationen\/wp-json\/wp\/v2\/comments?post=108"}],"version-history":[{"count":8,"href":"https:\/\/www.niffeler.ch\/innendekorationen\/wp-json\/wp\/v2\/pages\/108\/revisions"}],"predecessor-version":[{"id":1332,"href":"https:\/\/www.niffeler.ch\/innendekorationen\/wp-json\/wp\/v2\/pages\/108\/revisions\/1332"}],"up":[{"embeddable":true,"href":"https:\/\/www.niffeler.ch\/innendekorationen\/wp-json\/wp\/v2\/pages\/18"}],"wp:attachment":[{"href":"https:\/\/www.niffeler.ch\/innendekorationen\/wp-json\/wp\/v2\/media?parent=108"}],"curies":[{"name":"wp","href":"https:\/\/api.w.org\/{rel}","templated":true}]}}