{"id":110,"date":"2018-10-16T20:06:04","date_gmt":"2018-10-16T20:06:04","guid":{"rendered":"http:\/\/www.niffeler.ch\/innendekorationen\/?page_id=110"},"modified":"2026-02-02T07:50:31","modified_gmt":"2026-02-02T07:50:31","slug":"beschattungen","status":"publish","type":"page","link":"https:\/\/www.niffeler.ch\/innendekorationen\/produkte\/beschattungen\/","title":{"rendered":"Beschattungen"},"content":{"rendered":"<p><strong>Beschattungsanlagen verarbeiten wir ab 2026 nicht mehr.<\/strong><\/p>\n<p><strong>Das Spiel mit Licht und Schatten als Gestaltungselement.<\/strong><\/p>\n<p>Sonnenschutzsysteme die h\u00f6chste Funktionalit\u00e4t mit attraktivem Design in sich vereinen liegen voll im Trend.<\/p>\n<p>Rollos; ob uni oder gemustert, transparent oder verdunkelnd, Sie finden eine grosse Auswahl an Stoffen von erstklassiger Qualit\u00e4t und abgestimmt auf neuste Trends. <a href=\"https:\/\/kollektion.teba.de\/startseite.html\" target=\"_blank\" rel=\"noopener noreferrer\"><img decoding=\"async\" loading=\"lazy\" class=\"alignright\" src=\"http:\/\/www.niffeler.ch\/home\/images\/teba1_160.jpg\" alt=\"\" width=\"150\" height=\"150\" border=\"0\" \/><\/a><\/p>\n<p>Jalousien; Holz oder Aluminium, klassische Eleganz oder Modern Art, viele Farben und verschiedene Lamellenbreiten.<\/p>\n<h3><\/h3>\n<p><a href=\"https:\/\/kollektion.teba.de\/startseite.html\" target=\"_blank\" rel=\"noopener noreferrer\"><img decoding=\"async\" loading=\"lazy\" class=\"alignright\" src=\"http:\/\/www.niffeler.ch\/home\/images\/teba_160.jpg\" alt=\"\" width=\"149\" height=\"149\" border=\"0\" \/><\/a><\/p>\n<p>Faltstores oder Plissee; transparente Faltstores in vielen Farben und Dessins, auch zum verdunkeln, massgenau f\u00fcr alle Fenster.<\/p>\n<h2><\/h2>\n<div class=\"sidepicture\">\n<p><a href=\"https:\/\/kollektion.teba.de\/startseite.html\" target=\"_blank\" rel=\"noopener noreferrer\"><img decoding=\"async\" loading=\"lazy\" class=\"alignright\" src=\"http:\/\/www.niffeler.ch\/home\/images\/teba3_160.jpg\" alt=\"\" width=\"152\" height=\"152\" border=\"0\" \/><\/a><\/p>\n<\/div>\n<p>Lamellenvorh\u00e4nge; vertikale und horizontale Textilstreifen, transparent oder blickdicht, schmal oder breit f\u00fcr den Wohnbereich, das B\u00fcro oder die Praxis.<\/p>\n<h3><\/h3>\n<div class=\"sidepicture\">\n<h3><a href=\"https:\/\/kollektion.teba.de\/startseite.html\" target=\"_blank\" rel=\"noopener noreferrer\"><img decoding=\"async\" loading=\"lazy\" class=\"alignright\" src=\"http:\/\/www.niffeler.ch\/home\/images\/teba4_160.jpg\" alt=\"\" width=\"150\" height=\"150\" border=\"0\" \/><\/a><\/h3>\n<\/div>\n<p>Wir beraten Sie gerne damit Ihre Fenster, der Erker, die Rund- und Giebelfenster sowie der Wintergarten im richtigen Licht stehen.<\/p>\n<p>Unsere Lieferanten: <a title=\"\" href=\"http:\/\/www.schadegg.ch\" target=\"_blank\" rel=\"noopener noreferrer\">www.schadegg.ch<\/a> \/ <a title=\"\" href=\"http:\/\/www.mhz.ag\" target=\"_blank\" rel=\"noopener noreferrer\">www.mhz.ag<\/a> \/ <a title=\"\" href=\"http:\/\/www.sonnentuch.ch\" target=\"_blank\" rel=\"noopener noreferrer\">www.sonnentuch.ch<\/a><\/p>\n","protected":false},"excerpt":{"rendered":"<p>Beschattungsanlagen verarbeiten wir ab 2026 nicht mehr. Das Spiel mit Licht und Schatten als Gestaltungselement. Sonnenschutzsysteme die h\u00f6chste Funktionalit\u00e4t mit attraktivem Design in sich vereinen liegen voll im Trend. Rollos; ob uni oder gemustert, transparent oder verdunkelnd, Sie finden eine grosse Auswahl an Stoffen von erstklassiger Qualit\u00e4t und abgestimmt auf neuste Trends. Jalousien; Holz oder &#8230; <a title=\"Beschattungen\" class=\"read-more\" href=\"https:\/\/www.niffeler.ch\/innendekorationen\/produkte\/beschattungen\/\" aria-label=\"More on Beschattungen\">mehr lesen<\/a><\/p>\n","protected":false},"author":2,"featured_media":0,"parent":18,"menu_order":0,"comment_status":"closed","ping_status":"closed","template":"","meta":{"footnotes":""},"_links":{"self":[{"href":"https:\/\/www.niffeler.ch\/innendekorationen\/wp-json\/wp\/v2\/pages\/110"}],"collection":[{"href":"https:\/\/www.niffeler.ch\/innendekorationen\/wp-json\/wp\/v2\/pages"}],"about":[{"href":"https:\/\/www.niffeler.ch\/innendekorationen\/wp-json\/wp\/v2\/types\/page"}],"author":[{"embeddable":true,"href":"https:\/\/www.niffeler.ch\/innendekorationen\/wp-json\/wp\/v2\/users\/2"}],"replies":[{"embeddable":true,"href":"https:\/\/www.niffeler.ch\/innendekorationen\/wp-json\/wp\/v2\/comments?post=110"}],"version-history":[{"count":20,"href":"https:\/\/www.niffeler.ch\/innendekorationen\/wp-json\/wp\/v2\/pages\/110\/revisions"}],"predecessor-version":[{"id":1334,"href":"https:\/\/www.niffeler.ch\/innendekorationen\/wp-json\/wp\/v2\/pages\/110\/revisions\/1334"}],"up":[{"embeddable":true,"href":"https:\/\/www.niffeler.ch\/innendekorationen\/wp-json\/wp\/v2\/pages\/18"}],"wp:attachment":[{"href":"https:\/\/www.niffeler.ch\/innendekorationen\/wp-json\/wp\/v2\/media?parent=110"}],"curies":[{"name":"wp","href":"https:\/\/api.w.org\/{rel}","templated":true}]}}