{"id":117,"date":"2018-10-16T20:08:17","date_gmt":"2018-10-16T20:08:17","guid":{"rendered":"http:\/\/www.niffeler.ch\/innendekorationen\/?page_id=117"},"modified":"2026-02-02T07:52:59","modified_gmt":"2026-02-02T07:52:59","slug":"reinigungstechnik","status":"publish","type":"page","link":"https:\/\/www.niffeler.ch\/innendekorationen\/produkte\/reinigungstechnik\/","title":{"rendered":"Reinigungstechnik"},"content":{"rendered":"<p><strong>Ab 2026 f\u00fcren wir keine Reinigungsarbeiten mehr durch.<\/strong><\/p>\n<p><b>Reinigung und Pflege = Werterhaltung<\/b><\/p>\n<p>Geben Sie auch die regelm\u00e4ssige Pflege Ihrer B\u00f6den in professionelle H\u00e4nde.<br \/>\nAufgrund unserer umfassenden Produktekenntnisse werden alle verwendeten Reinigungsmittel und-verfahren genau auf Ihren Boden abgestimmt.<\/p>\n<p>Wir \u00fcbernehmen f\u00fcr Sie Teppichreinigigungen, Parkettauffrischungen oder die sporadische Pflege des Bodenbelages.<br \/>\nNeu Reinigen und Pflegen wir f\u00fcr Sie auch Terassenb\u00f6den aus Holz, WPC. keramischen Platten<br \/>\nSo bleiben Ihre B\u00f6den garantiert f\u00fcr lange Zeit wie neu und bereiten Ihnen Freude.<br \/>\nNat\u00fcrlich k\u00f6nnen die Pflegemaschinen bei uns auch gemietet sowie alle optimalen Reinigungsprodukte bei uns in Hitzkirch gekauft werden.<\/p>\n<p>Gerne beraten wir Sie.<br \/>\nUnser Partner in Sachen Reinigung und Pflege von Bodenbel\u00e4gen:<br \/>\n<a title=\"\" href=\"http:\/\/www.cc-dr-schutz.de\" target=\"_blank\" rel=\"noopener noreferrer\">www.cc-dr-schutz.de&#8230;..<\/a><a title=\"\" href=\"http:\/\/www.youtube.com\/user\/DrSchutz\" target=\"_blank\" rel=\"noopener noreferrer\">http:\/\/www.youtube.com\/user\/DrSchutz <\/a><br \/>\n.<\/p>\n<h2>Neu Spraymop Set<\/h2>\n<p><b>Ideales Wischger\u00e4t f\u00fcr die t\u00e4gliche Reinigung aller Hartb\u00f6den.<br \/>\nInkl. Padhalter Adapterpad 10 St\u00fcck Einwegmops<br \/>\nEinf\u00fchrungspreis nur Fr. 69.-<\/b><\/p>\n<p><img decoding=\"async\" loading=\"lazy\" class=\"alignleft\" src=\"http:\/\/www.niffeler.ch\/home\/images\/drschutz_spraymop_0314_0036_klein-1_510.jpg\" alt=\"\" width=\"254\" height=\"381\" border=\"0\" \/>Bild anklicken und Video anschauen<\/p>\n<p><b>Anwendungsbereiche<br \/>\n<\/b>Ideales Wischger\u00e4t f\u00fcr die t\u00e4gliche Reinigung aller Hartb\u00f6den, wie PVC, Lino, CV, Designb\u00f6den, Steinb\u00f6den und aller Parkett-, Kork- und Laminatb\u00f6den. Durch einfaches Bet\u00e4tigen des Spr\u00fchhebels wird ein nebelfeuchtes Wischen erzielt. Somit lassen sich auch feuchtigkeitsempfindliche B\u00f6den leicht und einfach reinigen. Auch als Bauschlussreiniger bestens geeignet. Der SprayMop ist direkt einsatzbereit, einfach im kurzfristigen Gebrauch und platzsparend zu verstauen.<br \/>\nAnwendung<br \/>\nDurch einen Hebel am Griff wird der Reiniger fein auf dem Boden verspr\u00fcht und nimmt beim Wischen Verschmutzungen vollst\u00e4ndig auf. Da er SprayMop ohne den zus\u00e4tzlichen Einsatz von weiteren Fl\u00fcssigkeiten auskommt, eignet er sich hervorragend f\u00fcr feuchtigkeitsempfindliche Oberfl\u00e4chen.<\/p>\n<p><img decoding=\"async\" loading=\"lazy\" src=\"http:\/\/www.niffeler.ch\/home\/images\/flyer-niffeler-3_510.jpg\" alt=\"\" width=\"510\" height=\"485\" border=\"0\" \/><\/p>\n<p>Erwecken Sie Ihre Holzterrasse wieder zu neuem Leben.<\/p>\n<p>Durch unsere professionelle Reinigung und Pflege bekommt<br \/>\njeder Terrassenboden seine urspr\u00fcngliche Farbe und Sch\u00f6nheit zur\u00fcck.<\/p>\n<p>.<img decoding=\"async\" loading=\"lazy\" src=\"http:\/\/www.niffeler.ch\/home\/images\/flyer-niffeler-2_510.jpg\" alt=\"\" width=\"510\" height=\"496\" border=\"0\" \/><\/p>\n<p>.<br \/>\n<b>Ist das Ihr Bodenproblem?<br \/>\n<\/b>\u2022 starke Strapazierung durch extreme Frequentierung<br \/>\n\u2022 h\u00e4ssliche Kratzer und unsch\u00f6ner Abrieb<br \/>\n\u2022 der Boden ist pflegeintensiv und verursacht hohe Reinigungskosten<br \/>\n\u2022 eine baldige Sanierung ist absehbar<br \/>\n\u2022 lange Ausfallzeiten kommen eigentlich nicht in Frage oder sind zu teuer<br \/>\n\u2022 der hygienische Zustand ist nicht optimal<br \/>\n\u2022 die Trittsicherheit ist mittlerweile eingeschr\u00e4nkt im Vergleich zum Neu-Zustand<\/p>\n<p><b>PU Siegel. Die L\u00f6sung f\u00fcr Ihren Boden.<br \/>\n<\/b>Niffeler GmbH, Ihr Bodenschutzspezialist, sorgt f\u00fcr Werterhaltung Ihrer B\u00f6den<br \/>\nmit PU-Versiegelung<\/p>\n<p><b>Top Optik &amp; l\u00e4ngere Nutzung mit Sparpotential bis 50%<\/b>.<\/p>\n<p>Speziell geeignet f\u00fcr: PVC B\u00f6den, Designb\u00f6den, Linoleum &amp; Gummib\u00f6den<\/p>\n<p>In Geb\u00e4uden wie z. B.<br \/>\nKaufh\u00e4user, Ladenlokale, B\u00fcros &amp; Verwaltung,<br \/>\nKrankenh\u00e4user, Arztpraxen &amp; Pflegeheime, Schulen &amp; Sporthallen,<br \/>\nGastronomie &amp; Lebensmittelbereich und in Treppenbereichen<\/p>\n<p><b>PU Siegel &#8211; h\u00e4lt was es verspricht<br \/>\n<\/b>\u2022 Nachweislich l\u00e4ngere Nutzungsdauer<br \/>\n\u2022 Deutlich kosteng\u00fcnstigere Unterhaltsreinigung<br \/>\n\u2022 Langzeitschutz gegen Abnutzung und Abrieb<br \/>\n\u2022 Trittsicherheit auch bei Sportb\u00f6den gem\u00e4\u00df DIN 18032<br \/>\n\u2022 Hohe Chemikalienbest\u00e4ndigkeit<\/p>\n<p>Produktbeschreibung: Weltweit wurden bislang \u00fcber 10 Millionen Quadratmeter Bodenbelag mit dem PU System von Dr. Schutz versiegelt. Nun haben wir unsere erfolgreichen Produkte durch zahlreiche Tests von unabh\u00e4ngigen Instituten zertifizieren lassen.<\/p>\n<p>Um Ihnen alle Vorteile kurz und b\u00fcndig vorstellen zu k\u00f6nnen, finden Sie im untenstehenden Link das Video rund um das Thema PU von Dr. Schutz.<\/p>\n<p><a title=\"\" href=\"https:\/\/www.youtube.com\/watch?v=sixgoYn7Ahw&amp;feature=youtu.be\" target=\"_blank\" rel=\"noopener noreferrer\">Clicken Sie Hier und schauen Sie Sich das Video an<\/a><\/p>\n<p><a href=\"https:\/\/www.youtube.com\/watch?v=sixgoYn7Ahw&amp;feature=youtu.be\" target=\"_blank\" rel=\"noopener noreferrer\"><img decoding=\"async\" loading=\"lazy\" src=\"http:\/\/www.niffeler.ch\/home\/images\/pu-versiegelt-dr-schutz-2014_510.jpg\" alt=\"\" width=\"284\" height=\"178\" border=\"0\" \/><\/a><\/p>\n<div id=\"more\"><\/div>\n","protected":false},"excerpt":{"rendered":"<p>Ab 2026 f\u00fcren wir keine Reinigungsarbeiten mehr durch. Reinigung und Pflege = Werterhaltung Geben Sie auch die regelm\u00e4ssige Pflege Ihrer B\u00f6den in professionelle H\u00e4nde. Aufgrund unserer umfassenden Produktekenntnisse werden alle verwendeten Reinigungsmittel und-verfahren genau auf Ihren Boden abgestimmt. Wir \u00fcbernehmen f\u00fcr Sie Teppichreinigigungen, Parkettauffrischungen oder die sporadische Pflege des Bodenbelages. Neu Reinigen und Pflegen wir &#8230; <a title=\"Reinigungstechnik\" class=\"read-more\" href=\"https:\/\/www.niffeler.ch\/innendekorationen\/produkte\/reinigungstechnik\/\" aria-label=\"More on Reinigungstechnik\">mehr lesen<\/a><\/p>\n","protected":false},"author":2,"featured_media":0,"parent":18,"menu_order":0,"comment_status":"closed","ping_status":"closed","template":"","meta":{"footnotes":""},"_links":{"self":[{"href":"https:\/\/www.niffeler.ch\/innendekorationen\/wp-json\/wp\/v2\/pages\/117"}],"collection":[{"href":"https:\/\/www.niffeler.ch\/innendekorationen\/wp-json\/wp\/v2\/pages"}],"about":[{"href":"https:\/\/www.niffeler.ch\/innendekorationen\/wp-json\/wp\/v2\/types\/page"}],"author":[{"embeddable":true,"href":"https:\/\/www.niffeler.ch\/innendekorationen\/wp-json\/wp\/v2\/users\/2"}],"replies":[{"embeddable":true,"href":"https:\/\/www.niffeler.ch\/innendekorationen\/wp-json\/wp\/v2\/comments?post=117"}],"version-history":[{"count":6,"href":"https:\/\/www.niffeler.ch\/innendekorationen\/wp-json\/wp\/v2\/pages\/117\/revisions"}],"predecessor-version":[{"id":1336,"href":"https:\/\/www.niffeler.ch\/innendekorationen\/wp-json\/wp\/v2\/pages\/117\/revisions\/1336"}],"up":[{"embeddable":true,"href":"https:\/\/www.niffeler.ch\/innendekorationen\/wp-json\/wp\/v2\/pages\/18"}],"wp:attachment":[{"href":"https:\/\/www.niffeler.ch\/innendekorationen\/wp-json\/wp\/v2\/media?parent=117"}],"curies":[{"name":"wp","href":"https:\/\/api.w.org\/{rel}","templated":true}]}}