{"id":24,"date":"2018-10-15T20:56:56","date_gmt":"2018-10-15T20:56:56","guid":{"rendered":"http:\/\/www.niffeler.ch\/innendekorationen\/?page_id=24"},"modified":"2026-02-02T07:55:56","modified_gmt":"2026-02-02T07:55:56","slug":"wir-ueber-uns","status":"publish","type":"page","link":"https:\/\/www.niffeler.ch\/innendekorationen\/wir-ueber-uns\/","title":{"rendered":"Wir \u00fcber uns"},"content":{"rendered":"<p><strong>Ab 2026 haben wir unsere Gesch\u00e4ftst\u00e4tigkeit eingestellt.<\/strong><\/p>\n<p><b>Gesch\u00e4ftsphilosophie<br \/>\n<\/b>Als Kunde stehen Sie bei uns ohne Einschr\u00e4nkung im Mittelpunkt. Wir freuen uns darauf, Ihre W\u00fcnsche gr\u00fcndlich abzukl\u00e4ren, damit Ihre Wohntr\u00e4ume Wirklichkeit werden. Die Zusammenarbeit mit uns soll Ihnen Freude bereiten. Und auch nach Abschluss eines Auftrages sind wir Ihr zuverl\u00e4ssiger und verantwortungsvoller Partner f\u00fcr angenehmes Wohnen.<\/p>\n<h6>Inhaber der Niffeler GmbH, Josef Stadelmann<\/h6>\n<figure class=\"wp-block-image\"><img decoding=\"async\" loading=\"lazy\" class=\"wp-image-1027 alignleft\" src=\"https:\/\/www.niffeler.ch\/innendekorationen\/wp-content\/uploads\/2023\/04\/3527834e-29ee-4938-a1fe-4d7c383a68ca-3.jpg\" alt=\"\" width=\"624\" height=\"381\" srcset=\"https:\/\/www.niffeler.ch\/innendekorationen\/wp-content\/uploads\/2023\/04\/3527834e-29ee-4938-a1fe-4d7c383a68ca-3.jpg 1024w, https:\/\/www.niffeler.ch\/innendekorationen\/wp-content\/uploads\/2023\/04\/3527834e-29ee-4938-a1fe-4d7c383a68ca-3-768x470.jpg 768w\" sizes=\"(max-width: 624px) 100vw, 624px\" \/><\/figure>\n<p data-wp-editing=\"1\"><b><a href=\"http:\/\/www.niffeler.ch\/home\/images\/familiefotoo-13.jpg\" target=\"_blank\" rel=\"noopener noreferrer\"><!-- \/wp:image --><\/a><\/b>Unsere Firma besteht seit 1928 und wurde 2006 in eine GmbH umgewandelt.<br \/>\nBelegschaft: 2 Personen (wovon 1 Innendekorateur, 1 zertifzierter Liege-und Schlaftherapeut)<\/p>\n<p><b>Angebot<\/b><\/p>\n<p><a href=\"http:\/\/www. schlaferholt.ch\" data-wplink-url-error=\"true\"><strong>KOMPETENZZENTRUM SCHMERZFREI SCHLAFEN<\/strong><\/a><\/p>\n<p>QUALIFIZIERTE LIEGE- UND SCHLAFBERATUNG, gesund liegen gut schlafen. Wir betten Sie so, das Sie richtig Liegen, schmerzfrei Schlafen, ohne Verspannungen Aufstehen.<\/p>\n<p>BETTWAREN, wie Duvet \u2013 Kopfkissen \u2013 Matratzen und unser <b>POLSTERATELIER <\/b>sind St\u00e4rken von uns.<\/p>\n<p><strong>\u00dcbergabe Gesch\u00e4ftsbereich Liege-und Schlafberatung<\/strong><\/p>\n<p><span style=\"color: #ff0000;\"><strong>Neu ab Januar 2026 exklusiv in Reiden,\u00a0 \u00a0 \u00a0 \u00a0 \u00a0 \u00a0 \u00a0 \u00a0 \u00a0 \u00a0 \u00a0 \u00a0 \u00a0 \u00a0 \u00a0 \u00a0 \u00a0 \u00a0 \u00a0 \u00a0 \u00a0 \u00a0 \u00a0 \u00a0 \u00a0 \u00a0 \u00a0 \u00a0 \u00a0 \u00a0<\/strong><\/span><strong><span style=\"color: #ff0000;\"> bei Liege-und Schlaftherapeut Beat K\u00fcng, Raumgestaltung\u00a0 \u00a0 \u00a0 \u00a0 \u00a0 \u00a0 \u00a0 \u00a0 \u00a0 \u00a0 \u00a0 \u00a0 \u00a0 \u00bb schlaferholt.ch\u00bb\u00a0 \u00a0Hauptstrasse 13\u00a0 6260 Reiden<\/span>\u00a0 \u00a0\u00a0 \u00a0\u00a0 \u00a0\u00a0 \u00a0\u00a0 \u00a0\u00a0 \u00a0\u00a0 \u00a0\u00a0 \u00a0\u00a0 <\/strong><a href=\"mailto:office@kueng-reiden.ch\"><strong>office@kueng-reiden.ch\u00a0 <\/strong><\/a><a href=\"http:\/\/www.kueng-reiden.ch\/\"><strong>www.kueng-reiden.ch<\/strong><\/a><\/p>\n<p><span style=\"color: #3366ff;\">Gerne macht Josef Stadelmann, zertifizierter Liege-und Schlaftherapeut, weiterhin Liege-und Schlafberatungen mit Ihnen bei der Firma K\u00fcng in Reiden. 079 641 39 20<\/span><\/p>\n","protected":false},"excerpt":{"rendered":"<p>Ab 2026 haben wir unsere Gesch\u00e4ftst\u00e4tigkeit eingestellt. Gesch\u00e4ftsphilosophie Als Kunde stehen Sie bei uns ohne Einschr\u00e4nkung im Mittelpunkt. Wir freuen uns darauf, Ihre W\u00fcnsche gr\u00fcndlich abzukl\u00e4ren, damit Ihre Wohntr\u00e4ume Wirklichkeit werden. Die Zusammenarbeit mit uns soll Ihnen Freude bereiten. Und auch nach Abschluss eines Auftrages sind wir Ihr zuverl\u00e4ssiger und verantwortungsvoller Partner f\u00fcr angenehmes Wohnen. &#8230; <a title=\"Wir \u00fcber uns\" class=\"read-more\" href=\"https:\/\/www.niffeler.ch\/innendekorationen\/wir-ueber-uns\/\" aria-label=\"More on Wir \u00fcber uns\">mehr lesen<\/a><\/p>\n","protected":false},"author":2,"featured_media":0,"parent":0,"menu_order":7,"comment_status":"closed","ping_status":"closed","template":"","meta":{"footnotes":""},"_links":{"self":[{"href":"https:\/\/www.niffeler.ch\/innendekorationen\/wp-json\/wp\/v2\/pages\/24"}],"collection":[{"href":"https:\/\/www.niffeler.ch\/innendekorationen\/wp-json\/wp\/v2\/pages"}],"about":[{"href":"https:\/\/www.niffeler.ch\/innendekorationen\/wp-json\/wp\/v2\/types\/page"}],"author":[{"embeddable":true,"href":"https:\/\/www.niffeler.ch\/innendekorationen\/wp-json\/wp\/v2\/users\/2"}],"replies":[{"embeddable":true,"href":"https:\/\/www.niffeler.ch\/innendekorationen\/wp-json\/wp\/v2\/comments?post=24"}],"version-history":[{"count":13,"href":"https:\/\/www.niffeler.ch\/innendekorationen\/wp-json\/wp\/v2\/pages\/24\/revisions"}],"predecessor-version":[{"id":1338,"href":"https:\/\/www.niffeler.ch\/innendekorationen\/wp-json\/wp\/v2\/pages\/24\/revisions\/1338"}],"wp:attachment":[{"href":"https:\/\/www.niffeler.ch\/innendekorationen\/wp-json\/wp\/v2\/media?parent=24"}],"curies":[{"name":"wp","href":"https:\/\/api.w.org\/{rel}","templated":true}]}}