{"id":349,"date":"2018-10-22T09:59:42","date_gmt":"2018-10-22T09:59:42","guid":{"rendered":"http:\/\/www.niffeler.ch\/innendekorationen\/?page_id=349"},"modified":"2026-02-02T07:35:28","modified_gmt":"2026-02-02T07:35:28","slug":"aktuell","status":"publish","type":"page","link":"https:\/\/www.niffeler.ch\/innendekorationen\/aktuell\/","title":{"rendered":"Aktuell \/ Lagerabverkauf"},"content":{"rendered":"\n<p><strong>Profitieren Sie jetzt noch von diversen Schn\u00e4ppchen im Schaufenster<\/strong><\/p>\n\n\n\n<p><strong>Wir schliessen f\u00fcr immer. <mark style=\"background-color:rgba(0, 0, 0, 0)\" class=\"has-inline-color has-accent-color\">Abverkauf<\/mark> offiziell beendet.<\/strong><\/p>\n\n\n\n<p><strong>Jedoch haben Sie im Schaufenster noch etwas gesehen das Sie interessiert, so d\u00fcrfen Sie weiterhin Anfragen auf Tel.079 641 39 20<\/strong><\/p>\n\n\n\n<p><\/p>\n\n\n\n<p><strong>Herzlichen Dank liebe Kunden f\u00fcr die jahrelange Treue<\/strong>.<\/p>\n\n\n\n<div class=\"wp-block-media-text is-stacked-on-mobile\"><figure class=\"wp-block-media-text__media\"><img decoding=\"async\" loading=\"lazy\" width=\"800\" height=\"533\" src=\"http:\/\/www.niffeler.ch\/innendekorationen\/wp-content\/uploads\/2021\/12\/Festagsbild-2016.jpg\" alt=\"\" class=\"wp-image-871 size-full\" srcset=\"https:\/\/www.niffeler.ch\/innendekorationen\/wp-content\/uploads\/2021\/12\/Festagsbild-2016.jpg 800w, https:\/\/www.niffeler.ch\/innendekorationen\/wp-content\/uploads\/2021\/12\/Festagsbild-2016-768x512.jpg 768w\" sizes=\"(max-width: 800px) 100vw, 800px\" \/><\/figure><div class=\"wp-block-media-text__content\">\n<p><strong>Ich<\/strong> <strong>Geniesse ab Februar 2026 meine Pension.<\/strong><\/p>\n\n\n\n<p><strong>Ich sage Tsch\u00fcss und w\u00fcnsche allen alles Gute f\u00fcr das Jahr 2026<\/strong>.<\/p>\n\n\n\n<p>Josef Stadelmann<\/p>\n<\/div><\/div>\n\n\n\n<p><\/p>\n\n\n\n<figure class=\"wp-block-image\"><img decoding=\"async\" loading=\"lazy\" width=\"1024\" height=\"626\" src=\"http:\/\/www.niffeler.ch\/innendekorationen\/wp-content\/uploads\/2023\/04\/3527834e-29ee-4938-a1fe-4d7c383a68ca-3.jpg\" alt=\"\" class=\"wp-image-1027\" srcset=\"https:\/\/www.niffeler.ch\/innendekorationen\/wp-content\/uploads\/2023\/04\/3527834e-29ee-4938-a1fe-4d7c383a68ca-3.jpg 1024w, https:\/\/www.niffeler.ch\/innendekorationen\/wp-content\/uploads\/2023\/04\/3527834e-29ee-4938-a1fe-4d7c383a68ca-3-768x470.jpg 768w\" sizes=\"(max-width: 1024px) 100vw, 1024px\" \/><figcaption class=\"wp-element-caption\"><strong>Unser Messestand an der HiGA 2023.   Sch\u00f6n war der Kontakt mit Ihnen liebe Kunden. Danke!<\/strong><\/figcaption><\/figure>\n\n\n<\/p>\n<p><strong>.<\/strong><\/p>\n<h2>Neu!!! Sch\u00f6ne Betten von R\u00f6wa mit Stoffbezug, in unz\u00e4hligen Ausf\u00fchrungen erh\u00e4ltlich.<\/h2>\n<figure class=\"wp-block-image\"><img decoding=\"async\" loading=\"lazy\" width=\"1200\" height=\"675\" class=\"wp-image-932\" src=\"https:\/\/www.niffeler.ch\/innendekorationen\/wp-content\/uploads\/2022\/08\/title_scalea.jpg\" sizes=\"(max-width: 1200px) 100vw, 1200px\" srcset=\"https:\/\/www.niffeler.ch\/innendekorationen\/wp-content\/uploads\/2022\/08\/title_scalea.jpg 1200w, https:\/\/www.niffeler.ch\/innendekorationen\/wp-content\/uploads\/2022\/08\/title_scalea-768x432.jpg 768w\" alt=\"\" \/><figcaption>R\u00f6wa: Ihr Bett nach Ihren W\u00fcnschen selber zusammenstellen.<\/figcaption><\/figure>\n<p><a href=\"https:\/\/roewa.com\/de-CH\/produkte#.betten\">https:\/\/roewa.com\/de-CH\/produkte#.betten<\/a><\/p>\n<p>\n\n\n<p><\/p>\n\n\n<\/p>\n<p>\n\n\n<p><\/p>\n\n\n<\/p>\n<p><!-- \/wp:paragraph --><!-- wp:paragraph --><\/p>\n<p><!-- \/wp:paragraph --><\/p>\n<p><!-- [if gte mso 10]>\n\n\n\n\n\n\n\n\n\n\n\n\n\n\n\n\n\n\n\n\n\n\n\n\n\n\n\n\n\n\n\n\n\n\n\n\n\n\n\n\n\n\n\n\n\n\n\n\n\n<style>\n \/* Style Definitions *\/\n table.MsoNormalTable\n\t{mso-style-name:\"Normale Tabelle\";\n\tmso-tstyle-rowband-size:0;\n\tmso-tstyle-colband-size:0;\n\tmso-style-noshow:yes;\n\tmso-style-priority:99;\n\tmso-style-parent:\"\";\n\tmso-padding-alt:0cm 5.4pt 0cm 5.4pt;\n\tmso-para-margin-top:0cm;\n\tmso-para-margin-right:0cm;\n\tmso-para-margin-bottom:8.0pt;\n\tmso-para-margin-left:0cm;\n\tline-height:107%;\n\tmso-pagination:widow-orphan;\n\tfont-size:11.0pt;\n\tfont-family:\"Calibri\",sans-serif;\n\tmso-ascii-font-family:Calibri;\n\tmso-ascii-theme-font:minor-latin;\n\tmso-hansi-font-family:Calibri;\n\tmso-hansi-theme-font:minor-latin;\n\tmso-bidi-font-family:\"Times New Roman\";\n\tmso-bidi-theme-font:minor-bidi;\n\tmso-fareast-language:EN-US;}\n<\/style>\n\n\n\n\n\n\n\n\n\n\n\n\n\n\n\n\n\n\n\n\n\n\n\n\n\n\n\n\n\n\n\n\n\n\n\n\n\n\n\n\n\n\n\n\n\n\n\n\n\n<![endif]--><\/p>\n<p><!-- wp:heading --><\/p>\n<h2>.<\/h2>\n<h2>Jetzt Aktuell Insektenschutz !<\/h2>\n<p><!-- \/wp:heading --><\/p>\n<p><!-- wp:heading --><\/p>\n<h2>Wir helfen Ihnen die Plaggeister loszuwerden.<\/h2>\n<p><!-- \/wp:heading --><\/p>\n<p><!-- wp:paragraph --><\/p>\n<p><strong>Insektenschutz vom Feinsten<br \/><\/strong><br \/>Warum Rollfix Ihre Lebensqualit\u00e4t erh\u00f6ht.<br \/>Rollfix Insektenschutz-Systeme halten Insekten<br \/>ein f\u00fcr allemal von Ihrem Wohnraum fern. Die<br \/>ultrad\u00fcnnen, aber z\u00e4hen Fasern der Insektennetze<br \/>lassen Licht und Luft ungehindert in Ihren Wohnraum,<br \/>w\u00e4hrend sich die stabilen Aluminiumprofile<br \/>beinahe unsichtbar in die Fassade integrieren.<br \/>Rollfix Insektenschutz-Systeme werden in der<br \/>Schweiz entwickelt und hergestellt. Gepr\u00e4gt vom<br \/>Erfindergeist und von den hohen Schweizer<br \/>Qualit\u00e4tsanspr\u00fcchen schaffen wir Produkte, die<br \/>Ihnen ein exklusives Wohngef\u00fchl bieten, ganz ohne<br \/>st\u00f6rende Insekten.<br \/>Gerne beraten wir Sie bei uns im Gesch\u00e4ft oder bei Ihnen zu Hause.<\/p>\n<p><!-- \/wp:paragraph --><\/p>\n<p><!-- wp:heading {\"level\":3} --><\/p>\n<h3>Insektenschutz vom Fachmann<\/h3>\n<p><!-- \/wp:heading --><\/p>\n<p><!-- wp:image {\"id\":929} --><\/p>\n<figure class=\"wp-block-image\"><img decoding=\"async\" loading=\"lazy\" width=\"1000\" height=\"667\" class=\"wp-image-929\" src=\"https:\/\/www.niffeler.ch\/innendekorationen\/wp-content\/uploads\/2022\/07\/MHZ-Insektenschutz-Bild-PL2-Plissee-1.jpg\" alt=\"\" srcset=\"https:\/\/www.niffeler.ch\/innendekorationen\/wp-content\/uploads\/2022\/07\/MHZ-Insektenschutz-Bild-PL2-Plissee-1.jpg 1000w, https:\/\/www.niffeler.ch\/innendekorationen\/wp-content\/uploads\/2022\/07\/MHZ-Insektenschutz-Bild-PL2-Plissee-1-768x512.jpg 768w\" sizes=\"(max-width: 1000px) 100vw, 1000px\" \/><\/figure>\n<p><!-- \/wp:image --><\/p>\n<p><!-- wp:table --><\/p>\n<table class=\"wp-block-table\">\n<tbody>\n<tr>\n<td><strong>Terrassen \/ Balkone aus Holz und WPC<\/strong><br \/><strong>vom Fachmann Grundreinigen und \u00d6len lassen.<\/strong> \u00ad<\/td>\n<\/tr>\n<tr>\n<td>Terrasse, Garten und Balkon sind in der Schweiz so wichtig wie Cervelat und Taschenmesser.<br \/>Frau M\u00fcller und Herr Meier verbringen ihre Freizeit gerne auf der Terrasse und die Vorfreude auf den Sommer<br \/>w\u00e4chst.<br \/>Doch zwischen dem Jetzt und der lauschigen Oase liegt<br \/>noch der Fr\u00fchlingsputz. Erwecken Sie die Wohlf\u00fchloasen<br \/>bei Ihnen aus dem Winterschlaf und <strong>bringen Sie die <\/strong><br \/><strong>Terrassen- und Balkonb\u00f6den zum Strahlen.<\/strong><br \/>Gepflegtes Holz l\u00e4sst unsere Herzen erbl\u00fchen, darum<br \/>unterst\u00fctzen wir Sie mit der Grundreinigung und Einpflege Ihrer Wohlf\u00fchloase&#8230;<\/td>\n<\/tr>\n<\/tbody>\n<\/table>\n<p><!-- \/wp:table --><\/p>\n<p><!-- wp:paragraph --><\/p>\n<p><!-- \/wp:paragraph --><\/p>\n<p><!-- wp:paragraph --><\/p>\n<p><strong>Bei rauen und stumpfen Holzoberfl\u00e4chen schaffen wir f\u00fcr Abhilfe<\/strong><\/p>\n<p><!-- \/wp:paragraph --><\/p>\n<p><!-- wp:image {\"id\":897} --><\/p>\n<figure class=\"wp-block-image\"><img decoding=\"async\" class=\"wp-image-897\" src=\"https:\/\/www.niffeler.ch\/innendekorationen\/wp-content\/uploads\/2022\/03\/grafik-2.png\" alt=\"\" \/><figcaption>Nach dem Ein\u00f6len erh\u00e4lt Ihre Terasse wieder einen optimalen Schutz!<\/figcaption><\/figure>\n<p><!-- \/wp:image --><\/p>\n<p><!-- wp:paragraph --><\/p>\n<p>Mit den Woca Outdoor-Produkten beh\u00e4lt das Holz seine Sch\u00f6nheit. Woca sch\u00fctzt Gartenm\u00f6bel, Z\u00e4une, Holzterrassen und Carports vor Sonne und Regen. So l\u00e4sst sich die Wohlf\u00fchloase auch nach Jahren in vollen Z\u00fcgen geniessen.<\/p>\n<p><!-- \/wp:paragraph --><\/p>\n<p><!-- wp:image {\"id\":901} --><\/p>\n<figure class=\"wp-block-image\">Jetzt Aktuell !!<\/figure>\n<p><!-- \/wp:image --><\/p>\n<p><!-- wp:paragraph --><\/p>\n<p><strong>Polster renovieren lohnt sich !<\/strong><\/p>\n<p><!-- \/wp:paragraph --><\/p>\n<p><!-- wp:image {\"id\":755} --><\/p>\n<figure class=\"wp-block-image\"><img decoding=\"async\" loading=\"lazy\" width=\"4032\" height=\"3024\" class=\"wp-image-755\" src=\"http:\/\/www.niffeler.ch\/innendekorationen\/wp-content\/uploads\/2021\/02\/Fauteul-Wolter1-2021.jpg\" alt=\"\" srcset=\"https:\/\/www.niffeler.ch\/innendekorationen\/wp-content\/uploads\/2021\/02\/Fauteul-Wolter1-2021.jpg 4032w, https:\/\/www.niffeler.ch\/innendekorationen\/wp-content\/uploads\/2021\/02\/Fauteul-Wolter1-2021-768x576.jpg 768w\" sizes=\"(max-width: 4032px) 100vw, 4032px\" \/><\/p>\n<figcaption>Kundenarbeit in echt Leder. Lassen auch Sie Ihr Lieblingst\u00fcck renovieren<\/figcaption>\n<\/figure>\n<p><!-- \/wp:image --><\/p>\n<p><!-- wp:paragraph --><\/p>\n<p>Ob antikes Stilm\u00f6bel oder modernes Designm\u00f6bel, ob Esszimmerstuhl oder Fernsehsofa \u2013 In aufwendiger Handarbeit erneuern wir auch Ihrem Lieblingsm\u00f6bel das Polster und den Bezug!<br \/>Dank moderner Polstertechnik ist es uns m\u00f6glich, auch preislich attraktive Angebote zu unterbreiten.<\/p>\n<p><!-- \/wp:paragraph --><\/p>\n<p><!-- wp:paragraph --><\/p>\n<p>M\u00f6chten Sie Ihr bestes St\u00fcck restaurieren lassen oder w\u00fcnschen Sie eine Neuanfertigung? Bei uns werden Sie kompetent beraten. 079 641 39 20 info@niffeler.ch<\/p>\n<p><strong>\u00a0\u00a0\u00a0\u00a0\u00a0\u00a0\u00a0\u00a0\u00a0\u00a0\u00a0\u00a0\u00a0\u00a0\u00a0\u00a0\u00a0\u00a0\u00a0\u00a0\u00a0\u00a0\u00a0\u00a0\u00a0\u00a0\u00a0\u00a0\u00a0\u00a0\u00a0\u00a0\u00a0\u00a0\u00a0\u00a0\u00a0\u00a0\u00a0\u00a0\u00a0\u00a0\u00a0\u00a0\u00a0\u00a0\u00a0\u00a0\u00a0\u00a0\u00a0\u00a0\u00a0\u00a0\u00a0\u00a0\u00a0\u00a0\u00a0\u00a0\u00a0\u00a0\u00a0\u00a0\u00a0\u00a0\u00a0\u00a0\u00a0\u00a0\u00a0\u00a0\u00a0\u00a0\u00a0\u00a0\u00a0\u00a0\u00a0\u00a0\u00a0\u00a0\u00a0\u00a0\u00a0\u00a0\u00a0\u00a0\u00a0\u00a0\u00a0\u00a0\u00a0\u00a0\u00a0\u00a0\u00a0\u00a0\u00a0\u00a0\u00a0\u00a0\u00a0\u00a0\u00a0\u00a0\u00a0\u00a0\u00a0\u00a0\u00a0\u00a0\u00a0\u00a0\u00a0\u00a0\u00a0\u00a0\u00a0\u00a0\u00a0\u00a0\u00a0\u00a0\u00a0\u00a0\u00a0 Neu!!! Sch\u00f6ne Betten von Modular, in unz\u00e4hligen Ausf\u00fchrungen m\u00f6glich.<\/strong><\/p>\n<p><!-- \/wp:paragraph --><\/p>\n<p><!-- wp:paragraph --><\/p>\n<p><!-- \/wp:paragraph --><\/p>\n<p><!-- wp:heading --><\/p>\n<p><!-- \/wp:paragraph --><\/p>\n<p><!-- wp:paragraph --><\/p>\n<p><!-- \/wp:paragraph --><\/p>\n<p><!-- wp:paragraph --><\/p>\n<p>Der kommende<strong> Herbst<\/strong> ist der ideale Zeitpunkt, um sich Zeit f\u00fcr die Wahl eines neuen Bettes zu nehmen. Um voller Vitalit\u00e4t in jeden Tag zu gehen und die t\u00e4glichen Herausforderungen der kommenden Jahreszeit zu meistern.<\/p>\n<p><!-- \/wp:paragraph --><\/p>\n<p><!-- wp:image {\"id\":569} --><\/p>\n<figure class=\"wp-block-image\"><img decoding=\"async\" loading=\"lazy\" width=\"1102\" height=\"773\" class=\"wp-image-569\" src=\"http:\/\/www.niffeler.ch\/innendekorationen\/wp-content\/uploads\/2019\/08\/Modular-Betten-2019.jpg\" alt=\"\" srcset=\"https:\/\/www.niffeler.ch\/innendekorationen\/wp-content\/uploads\/2019\/08\/Modular-Betten-2019.jpg 1102w, https:\/\/www.niffeler.ch\/innendekorationen\/wp-content\/uploads\/2019\/08\/Modular-Betten-2019-768x539.jpg 768w\" sizes=\"(max-width: 1102px) 100vw, 1102px\" \/><\/figure>\n<p><!-- \/wp:image --><\/p>\n<p><!-- wp:paragraph --><\/p>\n<p><a href=\"https:\/\/www.modular.ch\/de\/home\/home.htm\">www.modular.ch<\/a><\/p>\n<p><!-- \/wp:paragraph --><\/p>\n<p><!-- wp:image {\"id\":731} --><\/p>\n<figure class=\"wp-block-image\"><img decoding=\"async\" loading=\"lazy\" width=\"2048\" height=\"2048\" class=\"wp-image-731\" src=\"https:\/\/www.niffeler.ch\/innendekorationen\/wp-content\/uploads\/2021\/01\/IG-RLS-Kompetenzzentrum-Schmerzfrei-schlafen.-2020.jpg\" alt=\"\" srcset=\"https:\/\/www.niffeler.ch\/innendekorationen\/wp-content\/uploads\/2021\/01\/IG-RLS-Kompetenzzentrum-Schmerzfrei-schlafen.-2020.jpg 2048w, https:\/\/www.niffeler.ch\/innendekorationen\/wp-content\/uploads\/2021\/01\/IG-RLS-Kompetenzzentrum-Schmerzfrei-schlafen.-2020-768x768.jpg 768w\" sizes=\"(max-width: 2048px) 100vw, 2048px\" \/><\/p>\n<figcaption><a href=\"http:\/\/www.schlaferholt.ch\">http:\/\/www.schlaferholt.ch<\/a><\/figcaption>\n<\/figure>\n<p><!-- \/wp:image --><\/p>\n<h1 data-muse-uid=\"U9862\" data-muse-type=\"img_frame\"><img decoding=\"async\" id=\"u9862_img\" class=\"block\" src=\"http:\/\/schlaferholt.ch\/images\/josef-stadelmann_6097-crop-u9862_2x.jpg?crc=433189979\" alt=\"\" data-hidpi-src=\"images\/josef-stadelmann_6097-crop-u9862_2x.jpg?crc=433189979\" data-muse-src=\"images\/josef-stadelmann_6097-crop-u9862.jpg?crc=252355269\" data-heightwidthratio=\"0.4238636363636364\" data-image-width=\"880\" data-image-height=\"373\" data-src=\"images\/josef-stadelmann_6097-crop-u9862.jpg?crc=252355269\" \/><\/h1>\n<h1 class=\"clip_frame colelem\" data-muse-uid=\"U9862\" data-muse-type=\"img_frame\">Gratis Ausmessaktion<\/h1>\n<div id=\"u8797-88\" class=\"clearfix colelem shared_content\" data-muse-temp-textcontainer-sizepolicy=\"true\" data-muse-temp-textcontainer-pinning=\"true\" data-muse-uid=\"U8797\" data-muse-type=\"txt_frame\" data-ibe-flags=\"txtStyleSrc\" data-content-guid=\"u8797-88_content\">\n<h4>Wir offerieren Ihnen eine kostenlose K\u00f6rperausmessung mit Liegeanalyse<\/h4>\n<p>\u00abGegen Verspannungen und Schmerzen im Bett kann man gezielt etwas tun!\u00bb<\/p>\n<p>Nackenverspannungen?<\/p>\n<p>R\u00fcckenschmerzen?<\/p>\n<p>Schmerzen im Kreuz?<\/p>\n<p>Durchschlafen nicht m\u00f6glich?<\/p>\n<p>Ger\u00e4dert am Morgen?<\/p>\n<p>Gest\u00f6rt durch Schnarchen?<\/p>\n<p>Schlecht geschlafen?<\/p>\n<p>\u00abIn einer umfassenden Liege- und Schlafberatung suchen wir gemeinsam nach den Ursachen f\u00fcr alle diese Beschwerden \u2013 anstatt bloss die Symptome zu behandeln.\u00bb<\/p>\n<p>Schauen Sie vorbei, wir freuen uns auf Ihren Besuch!<\/p>\n<p>Gerne reservieren wir Ihnen, Ihren Wunschtermin auch ausserhalb der \u00d6ffnungszeiten!\u00a0 079 641 39<\/p>\n<h5><span style=\"color: #ff0000;\">Liege-Tipps:<\/span>\u00a0 <a href=\"https:\/\/www.kompetenzzentrumschmerzfreischlafen.ch\/Home-Matratzen-Kauf-Beratung-Qualitaet-Probeliegen-Rueckgabegarantie-fuer-Seitenschlaefer-Haertegrad-Fachgeschaeft\">www.ig-rls.ch\/Liege-Tipps<\/a><\/h5>\n<div class=\"col-9\">\n<h4>Gut Liegen und Schlafen mit Garantie!<\/h4>\n<p>Alle IG-RLS-Mitglieder verpflichten sich, eine bei ihnen gekaufte Matratze oder Lattenrost aus dem IG-RLS-Sortiment innerhalb von 10 Wochen zum vollen Kaufpreis zur\u00fcckzunehmen, sollten Sie nicht zufrieden sein.<\/p>\n<\/div>\n<h2>Jetzt! die Gelegenheit zum guten Schlaf!! Testen Sie unsere funktionellen Duvets<\/h2>\n<p><a href=\"https:\/\/www.ceha5.ch\/pages\/sleepline\" target=\"_blank\" rel=\"noopener noreferrer\"><img decoding=\"async\" loading=\"lazy\" class=\"alignnone\" src=\"http:\/\/www.niffeler.ch\/home\/images\/ceha5-2016_510.jpg\" alt=\"\" width=\"510\" height=\"211\" border=\"0\" \/><\/a><\/p>\n<p><b>Schlafen statt schwitzen<br \/>mit dem einzigartigen <i>CCS<\/i>-System Clima-Management im Bett,<\/b><\/p>\n<p>80 % des Bettklimas (W\u00e4rme und Feuchtigkeit) wird durch das Duvet beeinflusst. Jeder Mensch hat zudem ein ganz individuelles W\u00e4rmeempfinden. Was dem einen gerade<br \/>angenehm ist, erscheint dem andern bereits zu warm oder zu kalt. Eine wahre H\u00f6chst-leistung also, wenn dieser Ausgleich gelingen soll.<\/p>\n<p>Dank dem einzigartigen <b><i>Clima Control System<br \/><\/i><\/b>mit integrierter W\u00e4rme-und Feuchtigkeits-<br \/>Absorption wird f\u00fcr jeden Schl\u00e4fer das individuell<br \/>ideale Klima in der Schlafh\u00f6hle erzielt. Ihr Duvet<br \/>erf\u00fchlt automatisch die Temperatur- und Feuchtig-<br \/>keitswerte und balanciert sie ebenso automatisch<br \/>zu Ihrem pers\u00f6nlichen Wohlf\u00fchlklima im Bett.<\/p>\n<p><b>Das ist kein Traum!<br \/><\/b>Mit einem SLEEPLINE-Duvet schenken Sie sich<br \/>oder anderen, erholsame Stunden und Energie<br \/>f\u00fcr jeden neuen Tag. Kommen Sie vorbei, schauen<br \/>Sie sich diese traumhaften Decken in unserem<br \/>Gesch\u00e4ft an, \u00fcberzeugen Sie sich selbst.<\/p>\n<p>Gerne geben wir Ihnen ein Test-Duvet zum Ausprobieren f\u00fcr eine Woche nach Hause mit.<\/p>\n<h2>Faltstoren nach Mass, die perfekte Erscheinung<\/h2>\n<p><a href=\"http:\/\/www.schadegg.ch\" target=\"_blank\" rel=\"noopener noreferrer\"><img decoding=\"async\" loading=\"lazy\" src=\"http:\/\/www.niffeler.ch\/home\/images\/teba_foto_6_6337-quadrat_510.jpg\" alt=\"\" width=\"510\" height=\"382\" border=\"0\" \/><\/a><\/p>\n<h3>Gerne Beraten wir Sie bei Ihnen zu Hause<\/h3>\n<p><b>Allesk\u00f6nner Faltstore \/ Pliss\u00e9e<br \/><\/b><\/p>\n<p>Zart, elegant und duftig: viele Farben und Dessins versprechen f\u00fcr jeden Wohnbereich das Richtige zu finden. Aufgrund verschiedener Stoffqualit\u00e4ten von hochtransparent \u00fcber lichtdurchl\u00e4ssig bis hin zu verdunkelnd lassen sich Faltstores nahezu \u00fcberall einsetzen. Sie eignen sich perfekt zur Beschattung von schwierigen Fensterformen wie Rundbogen-, Trapez- und Dreiecksfenstern.<\/p>\n<p><b>Von Kopf bis Fu\u00df<\/b><\/p>\n<p>Kommt bei \u201eBoden-Decken Fenstern\u201d noch der Umstand dazu, dass sich diese Licht spendenden Fenster im Bad befinden, sch\u00e4tzt man den flexiblen Sichtschutz. So kann jedes Familienmitglied ungehindert beim Z\u00e4hneputzen hinausschauen \u2013 ohne dass der Nachbar ahnt, ob man schon angezogen ist oder nicht. Auch bei Dunkelheit und eingeschaltetem Licht ist der Sichtschutz 100 %-ig.<\/p>\n<p>Wir beraten Sie gerne damit Ihre Fenster, der Erker, die Rund- und Giebelfenster sowie der Wintergarten im richtigen Licht stehen.<\/p>\n<p>Unsere Lieferanten: <a title=\"\" href=\"http:\/\/www.schadegg.ch\" target=\"_blank\" rel=\"noopener noreferrer\">www.schadegg.ch<\/a> \/ <a title=\"\" href=\"http:\/\/www.mhz.ag\" target=\"_blank\" rel=\"noopener noreferrer\">www.mhz.ag \/<\/a><\/p>\n<h2>Wash+dry Fussmatten,waschbar, 5 Jahre Garantie<\/h2>\n<p><a href=\"http:\/\/www.polster.ch\/index.php?option=com_content&amp;task=blogcategory&amp;id=18&amp;Itemid=42\" target=\"_blank\" rel=\"noopener noreferrer\"><img decoding=\"async\" loading=\"lazy\" src=\"http:\/\/www.niffeler.ch\/home\/images\/fussmatten-2016_510.jpg\" alt=\"\" width=\"510\" height=\"375\" border=\"0\" \/><\/a><\/p>\n<p>Die Fussmatten welche in jede Wohnung und in jede Waschmaschine passen:<br \/>Voll in der Maschine waschbar und f\u00fcr den Trockner geeignet.<br \/>Elegant wie ein Wohnteppich und strapazierf\u00e4hig wie eine Schmutzschleuse:<br \/>Ob K\u00fcche, Bad, Wohnbereich, Kinderzimmer, Hobbyrau<a href=\"http:\/\/www.niffeler.ch\/home\/images\/fussmatten-2016-1.jpg\" target=\"_blank\" rel=\"noopener noreferrer\"><img decoding=\"async\" loading=\"lazy\" class=\"alignleft\" src=\"http:\/\/www.niffeler.ch\/home\/images\/fussmatten-2016-1_160.jpg\" alt=\"\" width=\"160\" height=\"258\" border=\"0\" \/><\/a>m, auf dem Balkon, im B\u00fcro oder in der Kantine &#8211; \u00fcberall einsetzbar wo ansprechendes Design und hygienische Sauberkeit gefragt sind.<br \/>Superflache 6 mm d\u00fcnn &#8211; passt praktisch unter jede T\u00fcre.<br \/>Das Obermaterial besteht aus Polyamid, der R\u00fccken aus Nitrilgummi:<br \/>Wash+dry Fussmatten sind herk\u00f6mmlichen Matten in Punkto Lichtechtheit, Langlebigkeit und Qualit\u00e4t dadurch so weit \u00fcberlegen, dass auf jede Matte <b>5 Jahre Garantie<\/b> gew\u00e4hrt wird.<br \/>Die Matten sind ausschliesslich in der EU gefertigt und mit dem Oko-Tex Standard 100 ausgezeichnet. Dieses Zertifikat best\u00e4tigt, dass alle Inhaltsstoffe der wash+dry Matten gesundheitlich unbedenklich sind.<br \/><a title=\"\" href=\"http:\/\/www.polster.ch\/index.php?option=com_content&amp;task=blogcategory&amp;id=18&amp;Itemid=42\" target=\"_blank\" rel=\"noopener noreferrer\">http:\/\/www.fussmatten.ch<\/a><\/p>\n<\/div>\n<p><!-- wp:paragraph --><\/p>\n<p><!-- \/wp:paragraph --><\/p>\n<p><!-- wp:image {\"id\":636} --><\/p>\n<figure class=\"wp-block-image\"><img decoding=\"async\" loading=\"lazy\" width=\"510\" height=\"733\" class=\"wp-image-636\" src=\"http:\/\/www.niffeler.ch\/innendekorationen\/wp-content\/uploads\/2020\/05\/Glacier-k\u00fchlendes-Sommerduvet.jpg\" alt=\"\" \/><\/figure>\n<p><!-- \/wp:image --><\/p>\n<p><!-- wp:paragraph --><\/p>\n<p><!-- \/wp:paragraph --><\/p>\n<p><!-- wp:paragraph --><\/p>\n<p><!-- \/wp:paragraph --><\/p>\n<p><!-- wp:paragraph --><\/p>\n<p><!-- \/wp:paragraph --><\/p>\n<p><!-- wp:paragraph --><\/p>\n<p><!-- \/wp:paragraph --><\/p>\n<p><!-- wp:paragraph --><\/p>\n<p><strong>\u00a0<\/strong><\/p>\n<p><!-- \/wp:paragraph --><\/p>\n<p><!-- wp:paragraph --><\/p>\n<p><!-- \/wp:paragraph --><\/p>\n<p><!-- wp:paragraph --><\/p>\n<p><!-- \/wp:paragraph --><\/p>\n<p><!-- wp:image {\"id\":755} --><\/p>\n<figure class=\"wp-block-image\">\n<figcaption><\/figcaption>\n<\/figure>\n<p><!-- \/wp:paragraph --><\/p>\n<p><!-- wp:paragraph --><\/p>\n<p><!-- \/wp:paragraph --><\/p>\n<p><!-- wp:heading --><\/p>\n<p><!--EndFragment--><\/p>\n<p><!-- wp:heading --><\/p>\n<p><!-- \/wp:heading --><\/p>\n<p><!-- wp:paragraph --><\/p>\n<p><!-- \/wp:paragraph --><\/p>","protected":false},"excerpt":{"rendered":"<p>Profitieren Sie jetzt noch von diversen Schn\u00e4ppchen im Schaufenster Wir schliessen f\u00fcr immer. Abverkauf offiziell beendet. Jedoch haben Sie im Schaufenster noch etwas gesehen das Sie interessiert, so d\u00fcrfen Sie weiterhin Anfragen auf Tel.079 641 39 20 Herzlichen Dank liebe Kunden f\u00fcr die jahrelange Treue. Ich Geniesse ab Februar 2026 meine Pension. Ich sage Tsch\u00fcss &#8230; <a title=\"Aktuell \/ Lagerabverkauf\" class=\"read-more\" href=\"https:\/\/www.niffeler.ch\/innendekorationen\/aktuell\/\" aria-label=\"More on Aktuell \/ Lagerabverkauf\">mehr lesen<\/a><\/p>\n","protected":false},"author":2,"featured_media":0,"parent":0,"menu_order":2,"comment_status":"closed","ping_status":"closed","template":"","meta":{"footnotes":""},"_links":{"self":[{"href":"https:\/\/www.niffeler.ch\/innendekorationen\/wp-json\/wp\/v2\/pages\/349"}],"collection":[{"href":"https:\/\/www.niffeler.ch\/innendekorationen\/wp-json\/wp\/v2\/pages"}],"about":[{"href":"https:\/\/www.niffeler.ch\/innendekorationen\/wp-json\/wp\/v2\/types\/page"}],"author":[{"embeddable":true,"href":"https:\/\/www.niffeler.ch\/innendekorationen\/wp-json\/wp\/v2\/users\/2"}],"replies":[{"embeddable":true,"href":"https:\/\/www.niffeler.ch\/innendekorationen\/wp-json\/wp\/v2\/comments?post=349"}],"version-history":[{"count":193,"href":"https:\/\/www.niffeler.ch\/innendekorationen\/wp-json\/wp\/v2\/pages\/349\/revisions"}],"predecessor-version":[{"id":1324,"href":"https:\/\/www.niffeler.ch\/innendekorationen\/wp-json\/wp\/v2\/pages\/349\/revisions\/1324"}],"wp:attachment":[{"href":"https:\/\/www.niffeler.ch\/innendekorationen\/wp-json\/wp\/v2\/media?parent=349"}],"curies":[{"name":"wp","href":"https:\/\/api.w.org\/{rel}","templated":true}]}}