{"id":371,"date":"2018-10-22T13:23:24","date_gmt":"2018-10-22T13:23:24","guid":{"rendered":"http:\/\/www.niffeler.ch\/innendekorationen\/?page_id=371"},"modified":"2025-10-13T14:39:10","modified_gmt":"2025-10-13T14:39:10","slug":"referenzen-bettenberatung","status":"publish","type":"page","link":"https:\/\/www.niffeler.ch\/innendekorationen\/bettwaren-schlafberatung\/referenzen-bettenberatung\/","title":{"rendered":"Referenzen Bettenberatung"},"content":{"rendered":"\n<figure class=\"wp-block-image size-full\"><img decoding=\"async\" loading=\"lazy\" width=\"1024\" height=\"626\" src=\"http:\/\/www.niffeler.ch\/innendekorationen\/wp-content\/uploads\/2023\/04\/3527834e-29ee-4938-a1fe-4d7c383a68ca-3.jpg\" alt=\"\" class=\"wp-image-1027\" srcset=\"https:\/\/www.niffeler.ch\/innendekorationen\/wp-content\/uploads\/2023\/04\/3527834e-29ee-4938-a1fe-4d7c383a68ca-3.jpg 1024w, https:\/\/www.niffeler.ch\/innendekorationen\/wp-content\/uploads\/2023\/04\/3527834e-29ee-4938-a1fe-4d7c383a68ca-3-768x470.jpg 768w\" sizes=\"(max-width: 1024px) 100vw, 1024px\" \/><\/figure>\n\n\n\n<p><strong>Unser Messestand an der erfolgreichen Gewerbeausstellung HIGA 2023<\/strong><\/p>\n\n\n\n<p>\u00dcber 100 unserer werten Kunden schlafen inzwischen in einem IG-RLS Bettsystem. Die R\u00fcckmeldungen sind durchwegs sehr positiv.<\/p>\n\n\n\n<p><strong>Beispiele<\/strong>:<\/p>\n\n\n\n<p>Wir m\u00f6chten uns bei Ihnen bedanken f\u00fcr die super tolle L\u00f6sung f\u00fcr unser Bett. wir geniessen jede Nacht einen erholsamen Schlaf.<\/p>\n\n\n\n<p>Mein Mann schl\u00e4ft durch ohne Aufzustehen und er Schnarcht nicht mehr.<\/p>\n\n\n\n<p>Sehr gut war auch die M\u00f6glichkeit das Duvet zu Testen.<\/p>\n\n\n\n<p>Wir sind sehr gl\u00fccklich,dass wir bei Ihnen unsere pers\u00f6hnlich angepassten Matratzen und Lattenroste gekauft haben.<\/p>\n\n\n\n<p>Wir Liegen so gut und gem\u00fchtlich. Wir m\u00f6chten es nicht mehr missen.<\/p>\n\n\n\n<p>Vielen lieben Dank f\u00fcr alles.<\/p>\n\n\n\n<p>L.Carbone &amp; T. Hoffmann<\/p>\n\n\n\n<p><\/p>\n\n\n\n<p>Vor 10 Tagen durfte ich zum ersten mal in meinem neuen Bett schlafen. Es ist einfach sehr gut,bequem,erhohlsam.<\/p>\n\n\n\n<p>ich bin \u00e4usserst zufrieden. Herzlichen Dank f\u00fcr die gute Beratung und Dienstleistung.<\/p>\n\n\n\n<p>freundliche Gr\u00fcsse  C. Morokutti <\/p>\n\n\n\n<figure class=\"wp-block-image size-full\"><img decoding=\"async\" loading=\"lazy\" width=\"285\" height=\"56\" src=\"http:\/\/www.niffeler.ch\/innendekorationen\/wp-content\/uploads\/2021\/01\/grafik.png\" alt=\"\" class=\"wp-image-735\"\/><\/figure>\n\n\n<p>F\u00fcr die weitere Betreueung meiner Kunden\/innen im bereich &#171;Liege-und Schlafberatung&#187; <strong>schlaferholt.ch<\/strong>, ist ab Januar 2026 die Firma Beat K\u00fcng in Reiden zust\u00e4ndig.<\/p>","protected":false},"excerpt":{"rendered":"<p>Unser Messestand an der erfolgreichen Gewerbeausstellung HIGA 2023 \u00dcber 100 unserer werten Kunden schlafen inzwischen in einem IG-RLS Bettsystem. Die R\u00fcckmeldungen sind durchwegs sehr positiv. Beispiele: Wir m\u00f6chten uns bei Ihnen bedanken f\u00fcr die super tolle L\u00f6sung f\u00fcr unser Bett. wir geniessen jede Nacht einen erholsamen Schlaf. Mein Mann schl\u00e4ft durch ohne Aufzustehen und er &#8230; <a title=\"Referenzen Bettenberatung\" class=\"read-more\" href=\"https:\/\/www.niffeler.ch\/innendekorationen\/bettwaren-schlafberatung\/referenzen-bettenberatung\/\" aria-label=\"More on Referenzen Bettenberatung\">mehr lesen<\/a><\/p>\n","protected":false},"author":1,"featured_media":0,"parent":21,"menu_order":0,"comment_status":"closed","ping_status":"closed","template":"","meta":{"footnotes":""},"_links":{"self":[{"href":"https:\/\/www.niffeler.ch\/innendekorationen\/wp-json\/wp\/v2\/pages\/371"}],"collection":[{"href":"https:\/\/www.niffeler.ch\/innendekorationen\/wp-json\/wp\/v2\/pages"}],"about":[{"href":"https:\/\/www.niffeler.ch\/innendekorationen\/wp-json\/wp\/v2\/types\/page"}],"author":[{"embeddable":true,"href":"https:\/\/www.niffeler.ch\/innendekorationen\/wp-json\/wp\/v2\/users\/1"}],"replies":[{"embeddable":true,"href":"https:\/\/www.niffeler.ch\/innendekorationen\/wp-json\/wp\/v2\/comments?post=371"}],"version-history":[{"count":15,"href":"https:\/\/www.niffeler.ch\/innendekorationen\/wp-json\/wp\/v2\/pages\/371\/revisions"}],"predecessor-version":[{"id":1247,"href":"https:\/\/www.niffeler.ch\/innendekorationen\/wp-json\/wp\/v2\/pages\/371\/revisions\/1247"}],"up":[{"embeddable":true,"href":"https:\/\/www.niffeler.ch\/innendekorationen\/wp-json\/wp\/v2\/pages\/21"}],"wp:attachment":[{"href":"https:\/\/www.niffeler.ch\/innendekorationen\/wp-json\/wp\/v2\/media?parent=371"}],"curies":[{"name":"wp","href":"https:\/\/api.w.org\/{rel}","templated":true}]}}