{"id":87,"date":"2018-10-16T19:26:59","date_gmt":"2018-10-16T19:26:59","guid":{"rendered":"http:\/\/www.niffeler.ch\/innendekorationen\/?page_id=87"},"modified":"2025-12-03T09:10:02","modified_gmt":"2025-12-03T09:10:02","slug":"bettwaren","status":"publish","type":"page","link":"https:\/\/www.niffeler.ch\/innendekorationen\/produkte\/bettwaren\/","title":{"rendered":"Bettwaren"},"content":{"rendered":"\n<figure class=\"wp-block-image\"><a href=\"https:\/\/youtu.be\/YDn6LAamkUk\"><img decoding=\"async\" loading=\"lazy\" width=\"2048\" height=\"2048\" src=\"http:\/\/www.niffeler.ch\/innendekorationen\/wp-content\/uploads\/2021\/01\/IG-RLS-Kompetenzzentrum-Schmerzfrei-schlafen.-2020-1.jpg\" alt=\"\" class=\"wp-image-733\" srcset=\"https:\/\/www.niffeler.ch\/innendekorationen\/wp-content\/uploads\/2021\/01\/IG-RLS-Kompetenzzentrum-Schmerzfrei-schlafen.-2020-1.jpg 2048w, https:\/\/www.niffeler.ch\/innendekorationen\/wp-content\/uploads\/2021\/01\/IG-RLS-Kompetenzzentrum-Schmerzfrei-schlafen.-2020-1-768x768.jpg 768w\" sizes=\"(max-width: 2048px) 100vw, 2048px\" \/><\/a><\/figure>\n\n\n\n<figure class=\"wp-block-image\"><img decoding=\"async\" loading=\"lazy\" width=\"285\" height=\"56\" src=\"http:\/\/www.niffeler.ch\/innendekorationen\/wp-content\/uploads\/2021\/01\/grafik.png\" alt=\"\" class=\"wp-image-735\"\/><\/figure>\n\n\n<h4><strong>Kompetente Schlafberatung!<\/strong><strong> Richtig Liegen und gut Schlafen<\/strong><\/h4>\n<h4>Betten\/ Lattenroste \/ Matratzen \/ Duvet\/ Kissen \/ Bettw\u00e4sche<\/h4>\n<p><span style=\"color: #ff0000;\"><strong>\u00dcbergabe Gesch\u00e4ftsbereich Liege-und Schlafberatung<\/strong> <\/span><\/p>\n<p><strong><span style=\"color: #ff0000;\">Neu ab Januar 2026 exklusiv in Reiden,\u00a0 \u00a0 \u00a0 \u00a0 \u00a0 \u00a0 \u00a0 \u00a0 \u00a0 \u00a0 \u00a0 \u00a0 \u00a0 \u00a0 \u00a0 \u00a0 \u00a0 \u00a0 \u00a0 \u00a0 \u00a0 \u00a0 \u00a0 \u00a0 \u00a0 \u00a0 \u00a0 \u00a0 \u00a0 \u00a0<\/span><\/strong><strong><span style=\"color: #ff0000;\"> bei Liege-und Schlaftherapeut Beat K\u00fcng, Raumgestaltung\u00a0 \u00a0 \u00a0 \u00a0 \u00a0 \u00a0 \u00a0 \u00a0 \u00a0 \u00a0 \u00a0 \u00a0 \u00a0 &#187; schlaferholt.ch&#187;\u00a0 \u00a0Hauptstrasse 13\u00a0 6260 Reiden\u00a0 \u00a0\u00a0 \u00a0\u00a0 \u00a0\u00a0 \u00a0\u00a0 \u00a0\u00a0 \u00a0\u00a0 \u00a0\u00a0 \u00a0\u00a0 <\/span><\/strong><a href=\"mailto:office@kueng-reiden.ch\"><strong>office@kueng-reiden.ch\u00a0 <\/strong><\/a><a href=\"http:\/\/www.kueng-reiden.ch\/\"><strong>www.kueng-reiden.ch<\/strong><\/a><\/p>\n<p><span style=\"color: #0000ff;\">Gerne macht Josef Stadelmann, zertifizierter Liege-und Schlaftherapeut, weiterhin Liege-und Schlafberatungen mit Ihnen bei der Firma K\u00fcng in Reiden. Telefonisch erreichbar\u00a0 <strong>079 641 39 20<\/strong><\/span><\/p>\n<p>Zertifizierte Liege-und Schlafberatung f\u00fcr Menschen mit Schlafproblemen Wir betten Sie so, das Sie richtig Liegen, schmerzfrei Schlafen, ohne Verspannungen Aufstehen.<\/p>\n<p><a href=\"http:\/\/www.schlaferholt.ch\" target=\"_blank\" rel=\"noopener noreferrer\"><img decoding=\"async\" loading=\"lazy\" src=\"http:\/\/www.niffeler.ch\/home\/images\/schlaferholt.ch-2016_510.jpg\" alt=\"\" width=\"510\" height=\"122\" border=\"0\" \/><\/a><\/p>\n<p>Jeder Mensch ist anders. Sie m\u00fcssen sich nicht dem Bett Anpassen.\u00a0\u00a0\u00a0\u00a0\u00a0\u00a0\u00a0\u00a0\u00a0\u00a0\u00a0\u00a0 &#8230;.<span style=\"color: #ff0000;\">Das Bett soll sich Ihnen Anpassen!!!<\/span> <img decoding=\"async\" class=\"details-image\" draggable=\"false\" src=\"http:\/\/www.niffeler.ch\/innendekorationen\/wp-content\/uploads\/2022\/11\/R\u00f6wa-K\u00f6rperanpassung-2022.jpg\" alt=\"\" \/><\/p>\n<figure style=\"width: 500px\" class=\"wp-caption alignnone\"><a href=\"https:\/\/roewa.com\/files\/downloads\/de\/video\/Mehr_Wach-dank_%20richtiger_Matratze.mp4\" target=\"_blank\" rel=\"noopener noreferrer\"><img decoding=\"async\" loading=\"lazy\" src=\"http:\/\/www.niffeler.ch\/home\/images\/csm_ecco2_system_588x291_2015_1_32b100ba14_510.gif\" alt=\"\" width=\"510\" height=\"252\" border=\"0\" \/><\/a><figcaption class=\"wp-caption-text\"><a href=\"https:\/\/www.google.ch\/url?sa=t&amp;rct=j&amp;q=&amp;esrc=s&amp;source=web&amp;cd=&amp;cad=rja&amp;uact=8&amp;ved=2ahUKEwjGmKubz7fzAhXJxqQKHc7tCHMQwqsBegQIBRAB&amp;url=https%3A%2F%2Fwww.youtube.com%2Fwatch%3Fv%3D_z8LXvhpTPc&amp;usg=AOvVaw14JeikNo2bNOcGPcTp7Qeu\">Bitte Bild anklicken und Video ansehen.<\/a><\/figcaption><\/figure>\n<p><a href=\"http:\/\/www.ig-rls.ch\" target=\"_blank\" rel=\"noopener noreferrer\"><img decoding=\"async\" loading=\"lazy\" class=\"alignright\" src=\"http:\/\/www.niffeler.ch\/home\/images\/logo_rls__160.jpg\" alt=\"\" width=\"160\" height=\"86\" border=\"0\" \/><\/a>Keine Schmerzen, keine Verspannungen mehr.<\/p>\n<div class=\"sidepicture\">\n<h3><a href=\"https:\/\/www.kompetenzzentrumschmerzfreischlafen.ch\/Home-Matratzen-Kauf-Beratung-Qualitaet-Probeliegen-Rueckgabegarantie-fuer-Seitenschlaefer-Haertegrad-Fachgeschaeft\">ig-rls.ch\/Liege-Tipps<\/a><\/h3>\n<\/div>\n<p><strong>W<\/strong><b>as ist eine Liege-und Schlafberatung?<\/b><\/p>\n<p>Um das perfekte Bett, die perfekte Matratze oder nur schon das passende Kissen f\u00fcr Sie zu finden, m\u00fcssen wir wissen was Sie wirklich brauchen.<\/p>\n<p>Bei einer Schlafberatung nehmen wir uns f\u00fcr <b>Sie<\/b> Zeit.<br \/>Im Gespr\u00e4ch am Anfang finden wir heraus welche Bed\u00fcrfnisse, Beschwerden und W\u00fcnsche Sie haben.<br \/>Ihr K\u00f6rper messen wir genau aus, um das Bett Ihren Bed\u00fcrfnissen anzupassen.<br \/>Danach zeigen wir Ihnen auf, welche Arten von Schlafsystemen es gibt, welche in frage kommen und welche eher ungeeignet f\u00fcr Sie sind.<br \/>Beim Probeliegen k\u00f6nnen Sie einen ersten Eindruck gewinnen.<\/p>\n<p>Um eine optimale L\u00f6sung zu finden ist es wichtig, dass das System \u00fcber l\u00e4ngere Zeit hinweg probiert werden kann.<br \/>Da man sich aber auch nach 10 Tagen noch nicht wirklich an ein Bett gew\u00f6hnt hat, geben wir all unseren Kunden ein 10 Wochen Umtausch- und R\u00fcckgaberecht. <span class=\"wixui-rich-text__text\">Sollte sich nach Aussch\u00f6pfung aller M\u00f6glichkeiten und Umsetzung der notwendigen Begleitmassnahmen keine Verbesserung einstellen, nehmen wir den Bettinhalt innerhalb von 10 Wochen nach der Lieferung zum vollen Verkaufspreis zur\u00fcck.<\/span><\/p>\n<p>Wie k\u00f6nnen Sie sich optimal auf die Beratung vorbereiten?<\/p>\n<p>&#8211; <b>Am besten vereinbaren Sie einen Termin.<br \/><\/b>Damit wir uns auch wirklich Zeit f\u00fcr Sie nehmen k\u00f6nnen.<\/p>\n<p><b>&#8211; Nehmen Sie sich mindestens eine Stunde Zeit.<\/b><br \/>So k\u00f6nnen wir in aller Ruhe die perfekte L\u00f6sung finden.<\/p>\n<p><b>&#8211; Messen und fotografieren Sie Ihr altes Bett.<br \/><\/b>Dies kann helfen Gr\u00fcnde f\u00fcr Beschwerden zu finden.<\/p>\n<p>Waben wir Ihr Interesse geweckt?<\/p>\n<p><b>Dann melden Sie sich ganz unverbindlich und kostenlos<br \/>f\u00fcr eine Beratung an. <\/b><a title=\"R\u00f6ssle&amp;Wanner Schweiz AG.\" href=\"http:\/\/www.schlaferholt.ch\" target=\"_blank\" rel=\"noopener noreferrer\">schlaferholt.ch<\/a><b>\u00a0 <\/b><a title=\"\" href=\"http:\/\/Info@niffeler.ch\" target=\"_blank\" rel=\"noopener noreferrer\">info@niffeler.ch<\/a><b> <\/b><\/p>\n<p><b>Tel. 079 641 39 20<\/b><\/p>\n<figure id=\"attachment_1027\" aria-describedby=\"caption-attachment-1027\" style=\"width: 1014px\" class=\"wp-caption alignnone\"><img decoding=\"async\" loading=\"lazy\" class=\"wp-image-1027 size-full\" src=\"http:\/\/www.niffeler.ch\/innendekorationen\/wp-content\/uploads\/2023\/04\/3527834e-29ee-4938-a1fe-4d7c383a68ca-3.jpg\" alt=\"\" width=\"1024\" height=\"626\" srcset=\"https:\/\/www.niffeler.ch\/innendekorationen\/wp-content\/uploads\/2023\/04\/3527834e-29ee-4938-a1fe-4d7c383a68ca-3.jpg 1024w, https:\/\/www.niffeler.ch\/innendekorationen\/wp-content\/uploads\/2023\/04\/3527834e-29ee-4938-a1fe-4d7c383a68ca-3-768x470.jpg 768w\" sizes=\"(max-width: 1024px) 100vw, 1024px\" \/><figcaption id=\"caption-attachment-1027\" class=\"wp-caption-text\"><strong>Unser Messestand an der HiGA 2023. Sch\u00f6n war der Kontakt mit Ihnen liebe Kunden <\/strong><\/figcaption><\/figure>\n<p><b>F\u00fcr Schlafsysteme die richtige Wahl;<\/b><br \/>Es ist ganz einfach zu erkl\u00e4ren, wieso so viele Menschen im Bett Verspannungen und Schmerzen haben!<br \/>Wenn Sie sich auf den harten Boden auf den R\u00fccken legen und die Beine strecken, dann erzeugt das Spannung im Kreuz. Probieren Sie es aus!<br \/>Wenn Sie schon ein bisschen sensibler sind, und einfach liegen bleiben, entsteht innerhalb kurzer Zeit aus der Spannung Schmerz, der seinerseits wieder Spannung erzeugt. Haben Sie es ausprobiert?<br \/>Sie erleben jetzt den Teufelskreis der Verspannung.<br \/>Wenn Sie sehr lange im geb\u00fcckten Zustand sind, oder ausgestreckt \u00fcber Kopf arbeiten, kriegen Sie auch R\u00fcckenschmerzen oder Verspannungen. Mit etwas Pech erwachen Sie am n\u00e4chsten Morgen mit Schmerzen in Kreuz oder Nacken. Haben Sie das auch schon erlebt?<br \/>Sie befinden sich im Teufelskreis der Verspannung.<br \/>Genau diese Effekte sind es, die tausenden von Menschen Verspannungen und R\u00fcckenschmerzen im Bett verursachen.<br \/>Diese Teufelskreise sind abh\u00e4ngig von:<br \/>Alter<br \/>Gesundheitszustand<br \/>Konstitution<br \/>Muskulatur<br \/>Verhalten<br \/>Umgebung<br \/>Psychische Gr\u00fcnde \/ Stress<\/p>\n<p>Wir betten Sie so, das Sie richtig Liegen, schmerzfrei Schlafen, ohne Verspannungen Aufstehen.<\/p>\n<p><a title=\"R\u00f6ssle&amp;Wanner Schweiz AG.\" href=\"http:\/\/www.schlaferholt.ch\" target=\"_blank\" rel=\"noopener noreferrer\">www.schlaferholt.ch<\/a> Zertifiziertes Mitglied <a title=\"R\u00f6ssle&amp;Wanner Schweiz AG.\" href=\"http:\/\/www.ig-rls.ch\" target=\"_blank\" rel=\"noopener noreferrer\">www.ig-rls.ch<\/a><\/p>\n<p><a title=\"R\u00f6ssle&amp;Wanner Schweiz AG.\" href=\"https:\/\/roewa.com\/de-CH\/startseite\" target=\"_blank\" rel=\"noopener noreferrer\">www.roessle-wanner.ch \/<\/a> <a title=\"\" href=\"http:\/\/www.selecta-matratzen.ch\/\" target=\"_blank\" rel=\"noopener noreferrer\">www.selecta-matratzen.ch \/<\/a> <a title=\"\" href=\"http:\/\/www.superba.ch\" target=\"_blank\" rel=\"noopener noreferrer\">www.superba.ch<\/a> \/ <a title=\"\" href=\"http:\/\/www.albis.ch\" target=\"_blank\" rel=\"noopener noreferrer\">www.albis.ch<\/a> \/ <a title=\"\" href=\"http:\/\/www.ceha5.ch\" target=\"_blank\" rel=\"noopener noreferrer\">www.ceha5.ch \/ <\/a><a title=\"\" href=\"http:\/\/www.modular.ch\" target=\"_blank\" rel=\"noopener noreferrer\">www.modular.ch Bettrahmen <\/a>\/ <a href=\"http:\/\/www.humo.ch\">www.humo.ch Bettrahmen<\/a><\/p>\n<div class=\"clearer\">Bezugsquelle Mediair Luftbett. <a title=\"\" href=\"http:\/\/www.mediair.ch\" target=\"_blank\" rel=\"noopener noreferrer\">www.mediair.ch<\/a><\/div>\n<div>\n<h3>Keine Schmerzen \/ Keine Verspannungen<\/h3>\n<\/div>\n<p><a href=\"http:\/\/www.ig-rls.ch\/\" target=\"_blank\" rel=\"noopener noreferrer\"><img decoding=\"async\" loading=\"lazy\" src=\"http:\/\/www.niffeler.ch\/home\/images\/logo_rls__510.jpg\" alt=\"\" width=\"490\" height=\"266\" border=\"0\" \/><\/a><\/p>\n<div id=\"c69\" class=\"csc-default\">\n<div class=\"headline headline-top\">\n<div class=\"text-center\">\n<h3>\u00a0<\/h3>\n<h3 class=\"csc-firstHeader\">Welches Duvet oder Kissen passt zu mir?<\/h3>\n<\/div>\n<\/div>\n<p><a href=\"https:\/\/youtu.be\/7NAkbqEwvvg\">Sleepline Info Film\u00a0 1\/3 Ihres Lebens verbringen Sie im Bett<\/a><\/p>\n<p>In unserem Duvet- und Kissensortiment finden Sie ganz bestimmt das passende Produkt, das all Ihre W\u00fcnsche zur Erlangung eines guten und erholsamen Schlafes erf\u00fcllen kann.<\/p>\n<p>Gerne geben wir Ihnen ein Test-Duvet zum Ausprobieren f\u00fcr eine Woche nach Hause mit.<\/p>\n<p>Klicken Sie im <a class=\"internal-link\" href=\"http:\/\/www.ceha5.ch\/fachhandel-sleepline\/produkte\/\">Produktfinder<\/a> Ihre ganz pers\u00f6nlichen Wunsch-Kriterien an. Sie erhalten dann einen individuell passenden Vorschlag, der Ihnen Nacht f\u00fcr Nacht das h\u00f6chstm\u00f6gliche Wohlbefinden und einen echten Benefit gew\u00e4hrleistet, <b>denn ein guter Tag beginnt Nachts.<\/b><\/p>\n<\/div>\n<div id=\"c70\" class=\"csc-default csc-space-before-50\">\n<div class=\"headline headline-top\">\n<div class=\"text-center\">\n<h3>Schlafen statt Schwitzen<\/h3>\n<\/div>\n<\/div>\n<div>\n<p>Um einen ruhigen und erholsamen Schlaf zu generieren, entwickeln wir Decken und Kissen mit dem intelligenten Outlast-Material. Dieses regelt den Temperatur- und Feuchtigkeitshaushalt des Schl\u00e4fers proaktiv.<\/p>\n<\/div>\n<div>\n<p>Viele Menschen schwitzen nachts, decken sich ab und wieder zu, liegen wach und finden deshalb weder die n\u00f6tige Entspannung noch die gew\u00fcnschte Erholung. Deshalb entwickeln und produzieren wir Decken und Kissen, die W\u00e4rme und Feuchtigkeit aktiv regulieren k\u00f6nnen.<\/p>\n<p>Das bedeutet: Nicht der Mensch muss sich den \u00e4usseren Umst\u00e4nden und der Decke anpassen, sondern die Decken regulieren dynamisch und proaktiv die ganze Nacht lang das Klima im Bett. M\u00f6glich wird dies durch den Einsatz von PCM (Phase-Change-Material) \u2013 einer Technologie, die urspr\u00fcnglich f\u00fcr die NASA entwickelt wurde, um Astronauten vor Temperaturschwankungen im Weltall zu sch\u00fctzen.<\/p>\n<p>Die ceha 5 ag ist Lizenznehmerin der US-amerikanischen Outlast-Technologies und produziert die Sleepline-Clima-Outlast-Decken und -Kissen ausschliesslich in der Schweiz.<\/p>\n<\/div>\n<\/div>\n<div id=\"c73\" class=\"csc-default csc-space-before-50\">\n<div class=\"headline headline-top\">\n<div class=\"text-center\">\n<h3>So funktioniert das Sleepline-Clima-Anti-Schwitz-System<\/h3>\n<\/div>\n<\/div>\n<\/div>\n<div id=\"c71\" class=\"csc-default\">\n<div class=\"row\">\n<div class=\"col col-xs-12 col-sm-6 equalize-block\">\n<div class=\"block-left\">\n<div id=\"c72\" class=\"csc-default\">\n<p>Nur wenn man die Temperatur regulieren kann, l\u00e4sst sich auch der Feuchtigkeitshaushalt steuern. Deshalb nutzt die ceha5 ag Outlast-Phase-Change-Materialien (PCM), die \u00fcbersch\u00fcssige W\u00e4rme aufnehmen, zwischenspeichern und wieder abgeben k\u00f6nnen, um so ein optimales Feuchtigkeits- und Temperaturmanagement zu erzielen.<\/p>\n<p>Die Outlast-Technologie funktioniert wie ein Eisw\u00fcrfel in einem Glas Wasser. Schmilzt der Eisw\u00fcrfel, dann nimmt er W\u00e4rme auf und k\u00fchlt so das Wasser. Outlast-Materialien in den Sleepline-Clima-Produkten arbeiten genauso. Produziert der Mensch W\u00e4rme im Bett, nimmt das Outlast-Material diese auf und k\u00fchlt den \u00fcberhitzten K\u00f6rper ab.<\/p>\n<\/div>\n<\/div>\n<\/div>\n<div class=\"col col-xs-12 col-sm-6 equalize-block\">\n<div class=\"block-right\">\n<div id=\"c74\" class=\"csc-default\">\n<div class=\"csc-textpic csc-textpic-center csc-textpic-above\">\n<div class=\"csc-textpic-imagewrap\" data-csc-images=\"1\" data-csc-cols=\"2\">\n<div class=\"csc-textpic-center-outer\">\n<div class=\"csc-textpic-center-inner\">\u00a0<\/div>\n<\/div>\n<\/div>\n<\/div>\n<\/div>\n<\/div>\n<\/div>\n<\/div>\n<\/div>\n<div id=\"c184\" class=\"csc-default\">\n<div class=\"row\">\n<div class=\"col col-xs-12 col-sm-6 equalize-block\">\n<div class=\"block-left\">\n<div id=\"c75\" class=\"csc-default\">\n<p><a href=\"https:\/\/youtu.be\/7NAkbqEwvvg\">Sleepline Info Film 1\/3 Ihres Lebens verbringen Sie im Bett<\/a><\/p>\n<p><a class=\"button-red\" href=\"https:\/\/www.ceha5.ch\/pages\/sleepline\" target=\"_self\" rel=\"noopener noreferrer\">\u00dcbersicht Sleepline-Clima-Produkte<\/a><\/p>\n<\/div>\n<\/div>\n<\/div>\n<div class=\"col col-xs-12 col-sm-6 equalize-block\">\n<div class=\"block-right\">\n<div id=\"c182\" class=\"csc-default\">\u00a0<\/div>\n<\/div>\n<\/div>\n<\/div>\n<\/div>\n\n\n<figure class=\"wp-block-image\"><img decoding=\"async\" loading=\"lazy\" width=\"1280\" height=\"530\" src=\"http:\/\/www.niffeler.ch\/innendekorationen\/wp-content\/uploads\/2022\/11\/Ceha5-2016.jpg\" alt=\"\" class=\"wp-image-989\" srcset=\"https:\/\/www.niffeler.ch\/innendekorationen\/wp-content\/uploads\/2022\/11\/Ceha5-2016.jpg 1280w, https:\/\/www.niffeler.ch\/innendekorationen\/wp-content\/uploads\/2022\/11\/Ceha5-2016-768x318.jpg 768w\" sizes=\"(max-width: 1280px) 100vw, 1280px\" \/><figcaption class=\"wp-element-caption\"><a href=\"https:\/\/www.ceha5.ch\/pages\/sleepline\"><strong>IG-RLS Duvet und Kissen, das Best f\u00fcr Ihren Schlaf <\/strong><\/a><\/figcaption><\/figure>\n\n\n\n<h2 class=\"wp-block-heading\">Neu!!!  Sch\u00f6ne Betten von Modular, in unz\u00e4hligen Ausf\u00fchrungen erh\u00e4ltlich.<\/h2>\n\n\n\n<figure class=\"wp-block-image size-large\"><img decoding=\"async\" loading=\"lazy\" width=\"1102\" height=\"773\" src=\"https:\/\/www.niffeler.ch\/innendekorationen\/wp-content\/uploads\/2019\/08\/Modular-Betten-2019.jpg\" alt=\"\" class=\"wp-image-569\" srcset=\"https:\/\/www.niffeler.ch\/innendekorationen\/wp-content\/uploads\/2019\/08\/Modular-Betten-2019.jpg 1102w, https:\/\/www.niffeler.ch\/innendekorationen\/wp-content\/uploads\/2019\/08\/Modular-Betten-2019-768x539.jpg 768w\" sizes=\"(max-width: 1102px) 100vw, 1102px\" \/><figcaption class=\"wp-element-caption\"><a href=\"https:\/\/www.modular.ch\/de\/home\/home.htm\">http:\/\/www.modular.ch<\/a><\/figcaption><\/figure>\n\n\n\n<figure class=\"wp-block-image size-full\"><img decoding=\"async\" loading=\"lazy\" width=\"1810\" height=\"2560\" src=\"https:\/\/www.niffeler.ch\/innendekorationen\/wp-content\/uploads\/2025\/12\/Massivholzbett-Flyer-01-25-004-scaled.jpg\" alt=\"\" class=\"wp-image-1287\" srcset=\"https:\/\/www.niffeler.ch\/innendekorationen\/wp-content\/uploads\/2025\/12\/Massivholzbett-Flyer-01-25-004-scaled.jpg 1810w, https:\/\/www.niffeler.ch\/innendekorationen\/wp-content\/uploads\/2025\/12\/Massivholzbett-Flyer-01-25-004-768x1086.jpg 768w, https:\/\/www.niffeler.ch\/innendekorationen\/wp-content\/uploads\/2025\/12\/Massivholzbett-Flyer-01-25-004-1086x1536.jpg 1086w, https:\/\/www.niffeler.ch\/innendekorationen\/wp-content\/uploads\/2025\/12\/Massivholzbett-Flyer-01-25-004-1448x2048.jpg 1448w\" sizes=\"(max-width: 1810px) 100vw, 1810px\" \/><\/figure>\n\n\n\n<figure class=\"wp-block-image size-full\"><img decoding=\"async\" loading=\"lazy\" width=\"1810\" height=\"2560\" src=\"https:\/\/www.niffeler.ch\/innendekorationen\/wp-content\/uploads\/2025\/12\/Livorno-Genua-Meduno-Flyer-01-25-004-scaled.jpg\" alt=\"\" class=\"wp-image-1288\" srcset=\"https:\/\/www.niffeler.ch\/innendekorationen\/wp-content\/uploads\/2025\/12\/Livorno-Genua-Meduno-Flyer-01-25-004-scaled.jpg 1810w, https:\/\/www.niffeler.ch\/innendekorationen\/wp-content\/uploads\/2025\/12\/Livorno-Genua-Meduno-Flyer-01-25-004-768x1086.jpg 768w, https:\/\/www.niffeler.ch\/innendekorationen\/wp-content\/uploads\/2025\/12\/Livorno-Genua-Meduno-Flyer-01-25-004-1086x1536.jpg 1086w, https:\/\/www.niffeler.ch\/innendekorationen\/wp-content\/uploads\/2025\/12\/Livorno-Genua-Meduno-Flyer-01-25-004-1448x2048.jpg 1448w\" sizes=\"(max-width: 1810px) 100vw, 1810px\" \/><\/figure>\n\n\n\n<h2 class=\"wp-block-heading\"> <br>Neu!!!  Sch\u00f6ne Betten von R\u00f6wa mit Stoffbezug, in unz\u00e4hligen Ausf\u00fchrungen erh\u00e4ltlich. <\/h2>\n\n\n\n<p><strong><br><\/strong><\/p>\n\n\n\n<p><\/p>\n\n\n\n<figure class=\"wp-block-image\"><img decoding=\"async\" loading=\"lazy\" width=\"1200\" height=\"675\" src=\"https:\/\/www.niffeler.ch\/innendekorationen\/wp-content\/uploads\/2022\/08\/title_scalea.jpg\" alt=\"\" class=\"wp-image-932\" srcset=\"https:\/\/www.niffeler.ch\/innendekorationen\/wp-content\/uploads\/2022\/08\/title_scalea.jpg 1200w, https:\/\/www.niffeler.ch\/innendekorationen\/wp-content\/uploads\/2022\/08\/title_scalea-768x432.jpg 768w\" sizes=\"(max-width: 1200px) 100vw, 1200px\" \/><figcaption class=\"wp-element-caption\"> R\u00f6wa: Ihr Bett nach Ihren W\u00fcnschen selber zusammenstellen. <\/figcaption><\/figure>\n\n\n\n<p><a href=\"https:\/\/roewa.com\/de-CH\/produkte#.betten\">https:\/\/roewa.com\/de-CH\/produkte#.betten<\/a><br><\/p>\n","protected":false},"excerpt":{"rendered":"<p>Kompetente Schlafberatung! Richtig Liegen und gut Schlafen Betten\/ Lattenroste \/ Matratzen \/ Duvet\/ Kissen \/ Bettw\u00e4sche \u00dcbergabe Gesch\u00e4ftsbereich Liege-und Schlafberatung Neu ab Januar 2026 exklusiv in Reiden,\u00a0 \u00a0 \u00a0 \u00a0 \u00a0 \u00a0 \u00a0 \u00a0 \u00a0 \u00a0 \u00a0 \u00a0 \u00a0 \u00a0 \u00a0 \u00a0 \u00a0 \u00a0 \u00a0 \u00a0 \u00a0 \u00a0 \u00a0 \u00a0 \u00a0 \u00a0 \u00a0 \u00a0 \u00a0 &#8230; <a title=\"Bettwaren\" class=\"read-more\" href=\"https:\/\/www.niffeler.ch\/innendekorationen\/produkte\/bettwaren\/\" aria-label=\"More on Bettwaren\">mehr lesen<\/a><\/p>\n","protected":false},"author":2,"featured_media":0,"parent":18,"menu_order":0,"comment_status":"closed","ping_status":"closed","template":"","meta":{"footnotes":""},"_links":{"self":[{"href":"https:\/\/www.niffeler.ch\/innendekorationen\/wp-json\/wp\/v2\/pages\/87"}],"collection":[{"href":"https:\/\/www.niffeler.ch\/innendekorationen\/wp-json\/wp\/v2\/pages"}],"about":[{"href":"https:\/\/www.niffeler.ch\/innendekorationen\/wp-json\/wp\/v2\/types\/page"}],"author":[{"embeddable":true,"href":"https:\/\/www.niffeler.ch\/innendekorationen\/wp-json\/wp\/v2\/users\/2"}],"replies":[{"embeddable":true,"href":"https:\/\/www.niffeler.ch\/innendekorationen\/wp-json\/wp\/v2\/comments?post=87"}],"version-history":[{"count":82,"href":"https:\/\/www.niffeler.ch\/innendekorationen\/wp-json\/wp\/v2\/pages\/87\/revisions"}],"predecessor-version":[{"id":1289,"href":"https:\/\/www.niffeler.ch\/innendekorationen\/wp-json\/wp\/v2\/pages\/87\/revisions\/1289"}],"up":[{"embeddable":true,"href":"https:\/\/www.niffeler.ch\/innendekorationen\/wp-json\/wp\/v2\/pages\/18"}],"wp:attachment":[{"href":"https:\/\/www.niffeler.ch\/innendekorationen\/wp-json\/wp\/v2\/media?parent=87"}],"curies":[{"name":"wp","href":"https:\/\/api.w.org\/{rel}","templated":true}]}}